{"id":1828,"date":"2025-04-01T19:15:06","date_gmt":"2025-04-01T17:15:06","guid":{"rendered":"https:\/\/maruskahackuje.cz\/?post_type=product&#038;p=1828"},"modified":"2025-04-01T19:16:12","modified_gmt":"2025-04-01T17:16:12","slug":"modre-kuratko","status":"publish","type":"product","link":"https:\/\/maruskahackuje.cz\/index.php\/product\/modre-kuratko\/","title":{"rendered":"Modr\u00e9 ku\u0159\u00e1tko"},"content":{"rendered":"<p>Velikost: cca 15 cm.<br \/>\nMateri\u00e1l: p\u0159\u00edze YarnArt Jeans, dut\u00e9 vl\u00e1kno, bezpe\u010dnostn\u00ed o\u010di, kor\u00e1lky.<br \/>\nSlou\u017e\u00ed pouze k dekorativn\u00edm \u00fa\u010del\u016fm \u2013 vhodn\u00e9 k vystaven\u00ed na komodu, poli\u010dku, parapet apod.<\/p>\n","protected":false},"excerpt":{"rendered":"<p>Tradi\u010dn\u00ed symbol jara v netradi\u010dn\u00edm pojet\u00ed \u2013 h\u00e1\u010dkovan\u00e9 vejce \ud83e\udd5a v podob\u011b ku\u0159\u00e1tka \ud83d\udc23 v osv\u011b\u017euj\u00edc\u00ed modr\u00e9 barv\u011b \ud83c\udf0a. Ru\u010dn\u011b vytvo\u0159en\u00e1 dekorace, kter\u00e1 p\u0159inese klid a harmonii do velikono\u010dn\u00ed v\u00fdzdoby.<\/p>\n","protected":false},"featured_media":1782,"comment_status":"open","ping_status":"closed","template":"","meta":{"_uag_custom_page_level_css":"","_monsterinsights_skip_tracking":false,"_monsterinsights_sitenote_active":false,"_monsterinsights_sitenote_note":"","_monsterinsights_sitenote_category":0,"_kadence_starter_templates_imported_post":false,"_kad_post_transparent":"default","_kad_post_title":"","_kad_post_layout":"default","_kad_post_sidebar_id":"","_kad_post_content_style":"default","_kad_post_vertical_padding":"default","_kad_post_feature":"","_kad_post_feature_position":"","_kad_post_header":false,"_kad_post_footer":false,"_kad_post_classname":""},"product_brand":[],"product_cat":[44],"product_tag":[],"class_list":{"0":"post-1828","1":"product","2":"type-product","3":"status-publish","4":"has-post-thumbnail","6":"product_cat-jaro-a-velikonoce","8":"first","9":"instock","10":"shipping-taxable","11":"purchasable","12":"product-type-simple","13":"entry","14":"content-bg","15":"loop-entry"},"uagb_featured_image_src":{"full":["https:\/\/maruskahackuje.cz\/wp-content\/uploads\/2025\/04\/IMG_4169.jpg",1920,1920,false],"thumbnail":["https:\/\/maruskahackuje.cz\/wp-content\/uploads\/2025\/04\/IMG_4169-150x150.jpg",150,150,true],"medium":["https:\/\/maruskahackuje.cz\/wp-content\/uploads\/2025\/04\/IMG_4169-300x300.jpg",300,300,true],"medium_large":["https:\/\/maruskahackuje.cz\/wp-content\/uploads\/2025\/04\/IMG_4169-768x768.jpg",768,768,true],"large":["https:\/\/maruskahackuje.cz\/wp-content\/uploads\/2025\/04\/IMG_4169-1024x1024.jpg",1024,1024,true],"1536x1536":["https:\/\/maruskahackuje.cz\/wp-content\/uploads\/2025\/04\/IMG_4169-1536x1536.jpg",1536,1536,true],"2048x2048":["https:\/\/maruskahackuje.cz\/wp-content\/uploads\/2025\/04\/IMG_4169.jpg",1920,1920,false],"woocommerce_thumbnail":["https:\/\/maruskahackuje.cz\/wp-content\/uploads\/2025\/04\/IMG_4169-300x300.jpg",300,300,true],"woocommerce_single":["https:\/\/maruskahackuje.cz\/wp-content\/uploads\/2025\/04\/IMG_4169-600x600.jpg",600,600,true],"woocommerce_gallery_thumbnail":["https:\/\/maruskahackuje.cz\/wp-content\/uploads\/2025\/04\/IMG_4169-100x100.jpg",100,100,true]},"uagb_author_info":{"display_name":"admin","author_link":"https:\/\/maruskahackuje.cz\/index.php\/author\/"},"uagb_comment_info":0,"uagb_excerpt":"Tradi\u010dn\u00ed symbol jara v netradi\u010dn\u00edm pojet\u00ed \u2013 h\u00e1\u010dkovan\u00e9 vejce \ud83e\udd5a v podob\u011b ku\u0159\u00e1tka \ud83d\udc23 v osv\u011b\u017euj\u00edc\u00ed modr\u00e9 barv\u011b \ud83c\udf0a. Ru\u010dn\u011b vytvo\u0159en\u00e1 dekorace, kter\u00e1 p\u0159inese klid a harmonii do velikono\u010dn\u00ed v\u00fdzdoby.","_links":{"self":[{"href":"https:\/\/maruskahackuje.cz\/index.php\/wp-json\/wp\/v2\/product\/1828","targetHints":{"allow":["GET"]}}],"collection":[{"href":"https:\/\/maruskahackuje.cz\/index.php\/wp-json\/wp\/v2\/product"}],"about":[{"href":"https:\/\/maruskahackuje.cz\/index.php\/wp-json\/wp\/v2\/types\/product"}],"replies":[{"embeddable":true,"href":"https:\/\/maruskahackuje.cz\/index.php\/wp-json\/wp\/v2\/comments?post=1828"}],"wp:featuredmedia":[{"embeddable":true,"href":"https:\/\/maruskahackuje.cz\/index.php\/wp-json\/wp\/v2\/media\/1782"}],"wp:attachment":[{"href":"https:\/\/maruskahackuje.cz\/index.php\/wp-json\/wp\/v2\/media?parent=1828"}],"wp:term":[{"taxonomy":"product_brand","embeddable":true,"href":"https:\/\/maruskahackuje.cz\/index.php\/wp-json\/wp\/v2\/product_brand?post=1828"},{"taxonomy":"product_cat","embeddable":true,"href":"https:\/\/maruskahackuje.cz\/index.php\/wp-json\/wp\/v2\/product_cat?post=1828"},{"taxonomy":"product_tag","embeddable":true,"href":"https:\/\/maruskahackuje.cz\/index.php\/wp-json\/wp\/v2\/product_tag?post=1828"}],"curies":[{"name":"wp","href":"https:\/\/api.w.org\/{rel}","templated":true}]}}