{"id":1767,"date":"2025-02-18T21:43:26","date_gmt":"2025-02-18T20:43:26","guid":{"rendered":"https:\/\/maruskahackuje.cz\/?post_type=product&#038;p=1767"},"modified":"2025-04-01T18:50:08","modified_gmt":"2025-04-01T16:50:08","slug":"motylek-luky","status":"publish","type":"product","link":"https:\/\/maruskahackuje.cz\/index.php\/product\/motylek-luky\/","title":{"rendered":"Mot\u00fdlek Luky"},"content":{"rendered":"<p>Velikost: cca 43 cm.<br \/>\nMateri\u00e1l: p\u0159\u00edze YarnArt Jeans, n\u00e1pl\u0148 dut\u00e9 vl\u00e1kno, bezpe\u010dnostn\u00ed o\u010di, d\u0159ev\u011bn\u00e9 knofl\u00ed\u010dky.<br \/>\nSlou\u017e\u00ed k dekorativn\u00edm \u00fa\u010del\u016fm, nejedn\u00e1 se o hra\u010dku.<\/p>\n","protected":false},"excerpt":{"rendered":"<p data-start=\"32\" data-end=\"235\">&#8222;Luky&#8220; je roztomil\u00fd mot\u00fdlek, kter\u00fd m\u00e1 tyrkysov\u00e9 kra\u0165asy s k\u0161andami a modr\u00e9 triko. Jeho \u010depi\u010dka s tykadly a k\u0159\u00eddla mu dod\u00e1vaj\u00ed kouzeln\u00fd vzhled, ide\u00e1ln\u00ed pro v\u0161echny milovn\u00edky poh\u00e1dkov\u00fdch postavi\u010dek.<\/p>\n<p data-start=\"237\" data-end=\"316\">\ud83e\udd8b <strong data-start=\"240\" data-end=\"283\">Ru\u010dn\u00ed v\u00fdroba \u2013 ka\u017ed\u00fd kousek je origin\u00e1l<\/strong><br data-start=\"283\" data-end=\"286\" \/>\u2728 <strong data-start=\"288\" data-end=\"316\">Stylov\u00e1 a hrav\u00e1 dekorace<br \/>\n\ud83c\udf80 Detaily jako knofl\u00edky a tykadla pro dokonal\u00fd vzhled<br \/>\n<\/strong><\/p>\n<p data-start=\"318\" data-end=\"378\" data-is-last-node=\"\">Mot\u00fdlek &#8222;Luky&#8220; p\u0159inese do va\u0161eho domova kouzelnou atmosf\u00e9ru!<\/p>\n","protected":false},"featured_media":1461,"comment_status":"open","ping_status":"closed","template":"","meta":{"_uag_custom_page_level_css":"","_monsterinsights_skip_tracking":false,"_monsterinsights_sitenote_active":false,"_monsterinsights_sitenote_note":"","_monsterinsights_sitenote_category":0,"_kadence_starter_templates_imported_post":false,"_kad_post_transparent":"default","_kad_post_title":"","_kad_post_layout":"default","_kad_post_sidebar_id":"","_kad_post_content_style":"default","_kad_post_vertical_padding":"default","_kad_post_feature":"","_kad_post_feature_position":"","_kad_post_header":false,"_kad_post_footer":false,"_kad_post_classname":""},"product_brand":[],"product_cat":[28],"product_tag":[],"class_list":{"0":"post-1767","1":"product","2":"type-product","3":"status-publish","4":"has-post-thumbnail","6":"product_cat-zviratka","8":"first","9":"instock","10":"shipping-taxable","11":"purchasable","12":"product-type-simple","13":"entry","14":"content-bg","15":"loop-entry"},"uagb_featured_image_src":{"full":["https:\/\/maruskahackuje.cz\/wp-content\/uploads\/2024\/10\/IMG_2927.jpg",1920,1920,false],"thumbnail":["https:\/\/maruskahackuje.cz\/wp-content\/uploads\/2024\/10\/IMG_2927-150x150.jpg",150,150,true],"medium":["https:\/\/maruskahackuje.cz\/wp-content\/uploads\/2024\/10\/IMG_2927-300x300.jpg",300,300,true],"medium_large":["https:\/\/maruskahackuje.cz\/wp-content\/uploads\/2024\/10\/IMG_2927-768x768.jpg",768,768,true],"large":["https:\/\/maruskahackuje.cz\/wp-content\/uploads\/2024\/10\/IMG_2927-1024x1024.jpg",1024,1024,true],"1536x1536":["https:\/\/maruskahackuje.cz\/wp-content\/uploads\/2024\/10\/IMG_2927-1536x1536.jpg",1536,1536,true],"2048x2048":["https:\/\/maruskahackuje.cz\/wp-content\/uploads\/2024\/10\/IMG_2927.jpg",1920,1920,false],"woocommerce_thumbnail":["https:\/\/maruskahackuje.cz\/wp-content\/uploads\/2024\/10\/IMG_2927-300x300.jpg",300,300,true],"woocommerce_single":["https:\/\/maruskahackuje.cz\/wp-content\/uploads\/2024\/10\/IMG_2927-600x600.jpg",600,600,true],"woocommerce_gallery_thumbnail":["https:\/\/maruskahackuje.cz\/wp-content\/uploads\/2024\/10\/IMG_2927-100x100.jpg",100,100,true]},"uagb_author_info":{"display_name":"admin","author_link":"https:\/\/maruskahackuje.cz\/index.php\/author\/"},"uagb_comment_info":0,"uagb_excerpt":"\"Luky\" je roztomil\u00fd mot\u00fdlek, kter\u00fd m\u00e1 tyrkysov\u00e9 kra\u0165asy s k\u0161andami a modr\u00e9 triko. Jeho \u010depi\u010dka s tykadly a k\u0159\u00eddla mu dod\u00e1vaj\u00ed kouzeln\u00fd vzhled, ide\u00e1ln\u00ed pro v\u0161echny milovn\u00edky poh\u00e1dkov\u00fdch postavi\u010dek. \ud83e\udd8b Ru\u010dn\u00ed v\u00fdroba \u2013 ka\u017ed\u00fd kousek je origin\u00e1l\u2728 Stylov\u00e1 a hrav\u00e1 dekorace \ud83c\udf80 Detaily jako knofl\u00edky a tykadla pro dokonal\u00fd vzhled Mot\u00fdlek \"Luky\" p\u0159inese do va\u0161eho&hellip;","_links":{"self":[{"href":"https:\/\/maruskahackuje.cz\/index.php\/wp-json\/wp\/v2\/product\/1767","targetHints":{"allow":["GET"]}}],"collection":[{"href":"https:\/\/maruskahackuje.cz\/index.php\/wp-json\/wp\/v2\/product"}],"about":[{"href":"https:\/\/maruskahackuje.cz\/index.php\/wp-json\/wp\/v2\/types\/product"}],"replies":[{"embeddable":true,"href":"https:\/\/maruskahackuje.cz\/index.php\/wp-json\/wp\/v2\/comments?post=1767"}],"wp:featuredmedia":[{"embeddable":true,"href":"https:\/\/maruskahackuje.cz\/index.php\/wp-json\/wp\/v2\/media\/1461"}],"wp:attachment":[{"href":"https:\/\/maruskahackuje.cz\/index.php\/wp-json\/wp\/v2\/media?parent=1767"}],"wp:term":[{"taxonomy":"product_brand","embeddable":true,"href":"https:\/\/maruskahackuje.cz\/index.php\/wp-json\/wp\/v2\/product_brand?post=1767"},{"taxonomy":"product_cat","embeddable":true,"href":"https:\/\/maruskahackuje.cz\/index.php\/wp-json\/wp\/v2\/product_cat?post=1767"},{"taxonomy":"product_tag","embeddable":true,"href":"https:\/\/maruskahackuje.cz\/index.php\/wp-json\/wp\/v2\/product_tag?post=1767"}],"curies":[{"name":"wp","href":"https:\/\/api.w.org\/{rel}","templated":true}]}}