{"id":1751,"date":"2025-02-18T21:13:19","date_gmt":"2025-02-18T20:13:19","guid":{"rendered":"https:\/\/maruskahackuje.cz\/?post_type=product&#038;p=1751"},"modified":"2025-12-07T09:42:07","modified_gmt":"2025-12-07T08:42:07","slug":"jednorozec","status":"publish","type":"product","link":"https:\/\/maruskahackuje.cz\/index.php\/product\/jednorozec\/","title":{"rendered":"Jednoro\u017eec"},"content":{"rendered":"<p>Velikost: cca 22 cm.<br \/>\nMateri\u00e1l: p\u0159\u00edze Himalaya Dolphin Baby, YarnArt Jeans, n\u00e1pl\u0148 dut\u00e9 vl\u00e1kno, bezpe\u010dnostn\u00ed o\u010di.<br \/>\nSlou\u017e\u00ed pouze k dekorativn\u00edm \u00fa\u010del\u016fm \u2013 vhodn\u00e9 k vystaven\u00ed na komodu, poli\u010dku, parapet apod.<\/p>\n","protected":false},"excerpt":{"rendered":"<p data-start=\"82\" data-end=\"438\">Tento kouzeln\u00fd jednoro\u017eec je ru\u010dn\u011b h\u00e1\u010dkovan\u00fd z jemn\u011b r\u016f\u017eov\u00e9 p\u0159\u00edze, kter\u00e1 mu dod\u00e1v\u00e1 poh\u00e1dkov\u00fd vzhled. Jeho t\u011blo je z t\u0159pytiv\u00e9 p\u0159\u00edze, kter\u00e1 se n\u00e1dhern\u011b leskne a vytv\u00e1\u0159\u00ed efekt magick\u00e9ho zv\u00ed\u0159ete. Syt\u011b r\u016f\u017eov\u00e1 h\u0159\u00edva, \u010dum\u00e1\u010dek a kop\u00fdtka dod\u00e1vaj\u00ed jednoro\u017eci roztomil\u00fd a n\u011b\u017en\u00fd vzhled. Ide\u00e1ln\u00ed jako dekorace pro ka\u017ed\u00fd interi\u00e9r, kter\u00fd ocen\u00ed n\u00e1dech kouzla a fantazie.<\/p>\n<p data-start=\"440\" data-end=\"651\">\ud83e\udd84 <strong data-start=\"443\" data-end=\"483\">Ru\u010dn\u00ed v\u00fdroba \u2013 ka\u017ed\u00fd kus je origin\u00e1l<\/strong><br data-start=\"483\" data-end=\"486\" \/>\u2728 <strong data-start=\"488\" data-end=\"524\">T\u0159pytiv\u00e9 t\u011blo pro kouzeln\u00fd efekt<\/strong><br data-start=\"524\" data-end=\"527\" \/>\ud83c\udf80 <strong data-start=\"530\" data-end=\"587\">Syt\u011b r\u016f\u017eov\u00e1 h\u0159\u00edva a kopytka p\u0159id\u00e1vaj\u00ed jednoro\u017eci \u0161arm<\/strong><br data-start=\"587\" data-end=\"590\" \/>\ud83d\udc96 <strong data-start=\"593\" data-end=\"649\">Roztomil\u00e1 a elegantn\u00ed dekorace pro milovn\u00edky poh\u00e1dek<\/strong><\/p>\n<p data-start=\"653\" data-end=\"709\" data-is-last-node=\"\">Tento jednoro\u017eec rozz\u00e1\u0159\u00ed ka\u017ed\u00fd koutek va\u0161eho domova! \ud83e\udd84\u2728<\/p>\n","protected":false},"featured_media":1480,"comment_status":"open","ping_status":"closed","template":"","meta":{"_uag_custom_page_level_css":"","_monsterinsights_skip_tracking":false,"_monsterinsights_sitenote_active":false,"_monsterinsights_sitenote_note":"","_monsterinsights_sitenote_category":0,"_kadence_starter_templates_imported_post":false,"_kad_post_transparent":"default","_kad_post_title":"","_kad_post_layout":"default","_kad_post_sidebar_id":"","_kad_post_content_style":"default","_kad_post_vertical_padding":"default","_kad_post_feature":"","_kad_post_feature_position":"","_kad_post_header":false,"_kad_post_footer":false,"_kad_post_classname":""},"product_brand":[],"product_cat":[28],"product_tag":[],"class_list":{"0":"post-1751","1":"product","2":"type-product","3":"status-publish","4":"has-post-thumbnail","6":"product_cat-zviratka","8":"first","9":"instock","10":"shipping-taxable","11":"purchasable","12":"product-type-simple","13":"entry","14":"content-bg","15":"loop-entry"},"uagb_featured_image_src":{"full":["https:\/\/maruskahackuje.cz\/wp-content\/uploads\/2024\/10\/IMG_2948.jpg",1920,1920,false],"thumbnail":["https:\/\/maruskahackuje.cz\/wp-content\/uploads\/2024\/10\/IMG_2948-150x150.jpg",150,150,true],"medium":["https:\/\/maruskahackuje.cz\/wp-content\/uploads\/2024\/10\/IMG_2948-300x300.jpg",300,300,true],"medium_large":["https:\/\/maruskahackuje.cz\/wp-content\/uploads\/2024\/10\/IMG_2948-768x768.jpg",768,768,true],"large":["https:\/\/maruskahackuje.cz\/wp-content\/uploads\/2024\/10\/IMG_2948-1024x1024.jpg",1024,1024,true],"1536x1536":["https:\/\/maruskahackuje.cz\/wp-content\/uploads\/2024\/10\/IMG_2948-1536x1536.jpg",1536,1536,true],"2048x2048":["https:\/\/maruskahackuje.cz\/wp-content\/uploads\/2024\/10\/IMG_2948.jpg",1920,1920,false],"woocommerce_thumbnail":["https:\/\/maruskahackuje.cz\/wp-content\/uploads\/2024\/10\/IMG_2948-300x300.jpg",300,300,true],"woocommerce_single":["https:\/\/maruskahackuje.cz\/wp-content\/uploads\/2024\/10\/IMG_2948-600x600.jpg",600,600,true],"woocommerce_gallery_thumbnail":["https:\/\/maruskahackuje.cz\/wp-content\/uploads\/2024\/10\/IMG_2948-100x100.jpg",100,100,true]},"uagb_author_info":{"display_name":"admin","author_link":"https:\/\/maruskahackuje.cz\/index.php\/author\/"},"uagb_comment_info":0,"uagb_excerpt":"Tento kouzeln\u00fd jednoro\u017eec je ru\u010dn\u011b h\u00e1\u010dkovan\u00fd z jemn\u011b r\u016f\u017eov\u00e9 p\u0159\u00edze, kter\u00e1 mu dod\u00e1v\u00e1 poh\u00e1dkov\u00fd vzhled. Jeho t\u011blo je z t\u0159pytiv\u00e9 p\u0159\u00edze, kter\u00e1 se n\u00e1dhern\u011b leskne a vytv\u00e1\u0159\u00ed efekt magick\u00e9ho zv\u00ed\u0159ete. Syt\u011b r\u016f\u017eov\u00e1 h\u0159\u00edva, \u010dum\u00e1\u010dek a kop\u00fdtka dod\u00e1vaj\u00ed jednoro\u017eci roztomil\u00fd a n\u011b\u017en\u00fd vzhled. Ide\u00e1ln\u00ed jako dekorace pro ka\u017ed\u00fd interi\u00e9r, kter\u00fd ocen\u00ed n\u00e1dech kouzla a fantazie. \ud83e\udd84&hellip;","_links":{"self":[{"href":"https:\/\/maruskahackuje.cz\/index.php\/wp-json\/wp\/v2\/product\/1751","targetHints":{"allow":["GET"]}}],"collection":[{"href":"https:\/\/maruskahackuje.cz\/index.php\/wp-json\/wp\/v2\/product"}],"about":[{"href":"https:\/\/maruskahackuje.cz\/index.php\/wp-json\/wp\/v2\/types\/product"}],"replies":[{"embeddable":true,"href":"https:\/\/maruskahackuje.cz\/index.php\/wp-json\/wp\/v2\/comments?post=1751"}],"wp:featuredmedia":[{"embeddable":true,"href":"https:\/\/maruskahackuje.cz\/index.php\/wp-json\/wp\/v2\/media\/1480"}],"wp:attachment":[{"href":"https:\/\/maruskahackuje.cz\/index.php\/wp-json\/wp\/v2\/media?parent=1751"}],"wp:term":[{"taxonomy":"product_brand","embeddable":true,"href":"https:\/\/maruskahackuje.cz\/index.php\/wp-json\/wp\/v2\/product_brand?post=1751"},{"taxonomy":"product_cat","embeddable":true,"href":"https:\/\/maruskahackuje.cz\/index.php\/wp-json\/wp\/v2\/product_cat?post=1751"},{"taxonomy":"product_tag","embeddable":true,"href":"https:\/\/maruskahackuje.cz\/index.php\/wp-json\/wp\/v2\/product_tag?post=1751"}],"curies":[{"name":"wp","href":"https:\/\/api.w.org\/{rel}","templated":true}]}}