{"id":1748,"date":"2025-02-18T21:01:12","date_gmt":"2025-02-18T20:01:12","guid":{"rendered":"https:\/\/maruskahackuje.cz\/?post_type=product&#038;p=1748"},"modified":"2025-12-01T21:24:37","modified_gmt":"2025-12-01T20:24:37","slug":"ledni-medvidek","status":"publish","type":"product","link":"https:\/\/maruskahackuje.cz\/index.php\/product\/ledni-medvidek\/","title":{"rendered":"Ledn\u00ed medv\u00eddek"},"content":{"rendered":"<p>Velikost: cca 34 cm.<br \/>\nMateri\u00e1l: p\u0159\u00edze YarnArt Jeans, n\u00e1pl\u0148 dut\u00e9 vl\u00e1kno, bezpe\u010dnostn\u00ed o\u010di.<br \/>\nSlou\u017e\u00ed pouze k dekorativn\u00edm \u00fa\u010del\u016fm \u2013 vhodn\u00e9 k vystaven\u00ed na komodu, poli\u010dku, parapet apod.<\/p>\n","protected":false},"excerpt":{"rendered":"<p data-start=\"79\" data-end=\"385\">Tato jemn\u00e1 ledn\u00ed medv\u011bdice je ru\u010dn\u011b h\u00e1\u010dkovan\u00e1 ze sn\u011bhob\u00edl\u00e9 p\u0159\u00edze, kter\u00e1 j\u00ed dod\u00e1v\u00e1 kouzeln\u00fd zimn\u00ed vzhled. Je ozdobena roztomilou r\u016f\u017eovou suk\u00fdnkou a \u0161\u00e1lou, kter\u00e9 j\u00ed p\u0159id\u00e1vaj\u00ed elegantn\u00ed a n\u011b\u017en\u00fd n\u00e1dech. Ide\u00e1ln\u00ed jako dekorace, kter\u00e1 vnese do va\u0161eho domova kousek zimn\u00ed pohody a kouzla sn\u011bhov\u00e9 krajiny.<\/p>\n<p data-start=\"387\" data-end=\"553\">\u2744\ufe0f <strong data-start=\"390\" data-end=\"433\">Ru\u010dn\u00ed v\u00fdroba \u2013 ka\u017ed\u00fd kousek je origin\u00e1l<\/strong><br data-start=\"433\" data-end=\"436\" \/>\ud83d\udc97 <strong data-start=\"439\" data-end=\"495\">R\u016f\u017eov\u00e1 \u0161\u00e1la a suk\u00fdnka p\u0159id\u00e1vaj\u00ed sofistikovan\u00fd vzhled<\/strong><br data-start=\"495\" data-end=\"498\" \/>\ud83c\udf80 <strong data-start=\"501\" data-end=\"551\">Stylov\u00e1 dekorace pro milovn\u00edky zimn\u00ed atmosf\u00e9ry<\/strong><\/p>\n<p data-start=\"555\" data-end=\"648\" data-is-last-node=\"\">Tato medv\u011bdice bude skv\u011bl\u00fdm dopl\u0148kem do va\u0161eho interi\u00e9ru, kter\u00fd rozz\u00e1\u0159\u00ed ka\u017ed\u00fd prostor! \ud83d\udc3b\u200d\u2744\ufe0f\u2728<\/p>\n","protected":false},"featured_media":1509,"comment_status":"open","ping_status":"closed","template":"","meta":{"_uag_custom_page_level_css":"","_monsterinsights_skip_tracking":false,"_monsterinsights_sitenote_active":false,"_monsterinsights_sitenote_note":"","_monsterinsights_sitenote_category":0,"_kadence_starter_templates_imported_post":false,"_kad_post_transparent":"default","_kad_post_title":"","_kad_post_layout":"default","_kad_post_sidebar_id":"","_kad_post_content_style":"default","_kad_post_vertical_padding":"default","_kad_post_feature":"","_kad_post_feature_position":"","_kad_post_header":false,"_kad_post_footer":false,"_kad_post_classname":""},"product_brand":[],"product_cat":[28],"product_tag":[],"class_list":{"0":"post-1748","1":"product","2":"type-product","3":"status-publish","4":"has-post-thumbnail","6":"product_cat-zviratka","8":"first","9":"outofstock","10":"shipping-taxable","11":"purchasable","12":"product-type-simple","13":"entry","14":"content-bg","15":"loop-entry"},"uagb_featured_image_src":{"full":["https:\/\/maruskahackuje.cz\/wp-content\/uploads\/2024\/10\/IMG_3006.jpg",1920,1920,false],"thumbnail":["https:\/\/maruskahackuje.cz\/wp-content\/uploads\/2024\/10\/IMG_3006-150x150.jpg",150,150,true],"medium":["https:\/\/maruskahackuje.cz\/wp-content\/uploads\/2024\/10\/IMG_3006-300x300.jpg",300,300,true],"medium_large":["https:\/\/maruskahackuje.cz\/wp-content\/uploads\/2024\/10\/IMG_3006-768x768.jpg",768,768,true],"large":["https:\/\/maruskahackuje.cz\/wp-content\/uploads\/2024\/10\/IMG_3006-1024x1024.jpg",1024,1024,true],"1536x1536":["https:\/\/maruskahackuje.cz\/wp-content\/uploads\/2024\/10\/IMG_3006-1536x1536.jpg",1536,1536,true],"2048x2048":["https:\/\/maruskahackuje.cz\/wp-content\/uploads\/2024\/10\/IMG_3006.jpg",1920,1920,false],"woocommerce_thumbnail":["https:\/\/maruskahackuje.cz\/wp-content\/uploads\/2024\/10\/IMG_3006-300x300.jpg",300,300,true],"woocommerce_single":["https:\/\/maruskahackuje.cz\/wp-content\/uploads\/2024\/10\/IMG_3006-600x600.jpg",600,600,true],"woocommerce_gallery_thumbnail":["https:\/\/maruskahackuje.cz\/wp-content\/uploads\/2024\/10\/IMG_3006-100x100.jpg",100,100,true]},"uagb_author_info":{"display_name":"admin","author_link":"https:\/\/maruskahackuje.cz\/index.php\/author\/"},"uagb_comment_info":0,"uagb_excerpt":"Tato jemn\u00e1 ledn\u00ed medv\u011bdice je ru\u010dn\u011b h\u00e1\u010dkovan\u00e1 ze sn\u011bhob\u00edl\u00e9 p\u0159\u00edze, kter\u00e1 j\u00ed dod\u00e1v\u00e1 kouzeln\u00fd zimn\u00ed vzhled. Je ozdobena roztomilou r\u016f\u017eovou suk\u00fdnkou a \u0161\u00e1lou, kter\u00e9 j\u00ed p\u0159id\u00e1vaj\u00ed elegantn\u00ed a n\u011b\u017en\u00fd n\u00e1dech. Ide\u00e1ln\u00ed jako dekorace, kter\u00e1 vnese do va\u0161eho domova kousek zimn\u00ed pohody a kouzla sn\u011bhov\u00e9 krajiny. \u2744\ufe0f Ru\u010dn\u00ed v\u00fdroba \u2013 ka\u017ed\u00fd kousek je origin\u00e1l\ud83d\udc97 R\u016f\u017eov\u00e1 \u0161\u00e1la&hellip;","_links":{"self":[{"href":"https:\/\/maruskahackuje.cz\/index.php\/wp-json\/wp\/v2\/product\/1748","targetHints":{"allow":["GET"]}}],"collection":[{"href":"https:\/\/maruskahackuje.cz\/index.php\/wp-json\/wp\/v2\/product"}],"about":[{"href":"https:\/\/maruskahackuje.cz\/index.php\/wp-json\/wp\/v2\/types\/product"}],"replies":[{"embeddable":true,"href":"https:\/\/maruskahackuje.cz\/index.php\/wp-json\/wp\/v2\/comments?post=1748"}],"wp:featuredmedia":[{"embeddable":true,"href":"https:\/\/maruskahackuje.cz\/index.php\/wp-json\/wp\/v2\/media\/1509"}],"wp:attachment":[{"href":"https:\/\/maruskahackuje.cz\/index.php\/wp-json\/wp\/v2\/media?parent=1748"}],"wp:term":[{"taxonomy":"product_brand","embeddable":true,"href":"https:\/\/maruskahackuje.cz\/index.php\/wp-json\/wp\/v2\/product_brand?post=1748"},{"taxonomy":"product_cat","embeddable":true,"href":"https:\/\/maruskahackuje.cz\/index.php\/wp-json\/wp\/v2\/product_cat?post=1748"},{"taxonomy":"product_tag","embeddable":true,"href":"https:\/\/maruskahackuje.cz\/index.php\/wp-json\/wp\/v2\/product_tag?post=1748"}],"curies":[{"name":"wp","href":"https:\/\/api.w.org\/{rel}","templated":true}]}}