{"id":1747,"date":"2025-02-18T20:55:41","date_gmt":"2025-02-18T19:55:41","guid":{"rendered":"https:\/\/maruskahackuje.cz\/?post_type=product&#038;p=1747"},"modified":"2025-12-07T09:31:52","modified_gmt":"2025-12-07T08:31:52","slug":"zirafka","status":"publish","type":"product","link":"https:\/\/maruskahackuje.cz\/index.php\/product\/zirafka\/","title":{"rendered":"\u017dirafka"},"content":{"rendered":"<p>Velikost: cca 33 cm.<br \/>\nMateri\u00e1l: p\u0159\u00edze Himalaya Dolphin Baby, YarnArt Jeans, n\u00e1pl\u0148 dut\u00e9 vl\u00e1kno, bezpe\u010dnostn\u00ed o\u010di.<br \/>\nSlou\u017e\u00ed pouze k dekorativn\u00edm \u00fa\u010del\u016fm \u2013 vhodn\u00e9 k vystaven\u00ed na komodu, poli\u010dku, parapet apod.<\/p>\n","protected":false},"excerpt":{"rendered":"<p data-start=\"73\" data-end=\"380\">Tato roztomil\u00e1 \u017eirafa je ru\u010dn\u011b h\u00e1\u010dkovan\u00e1 s d\u016frazem na ka\u017ed\u00fd detail. Jej\u00ed jasn\u011b \u017elut\u00e9 t\u011bl\u00ed\u010dko zdob\u00ed typick\u00e9 \u010dern\u00e9 punt\u00edky, kter\u00e9 j\u00ed dod\u00e1vaj\u00ed hrav\u00fd vzhled. M\u00e1 hn\u011bd\u00e9 o\u010di pln\u00e9 n\u011bhy a roztomil\u00e9 ou\u0161ka, kter\u00e1 p\u0159\u00edmo vyb\u00edzej\u00ed k pohlazen\u00ed. Ide\u00e1ln\u00ed jako mil\u00fd spole\u010dn\u00edk nebo stylov\u00e1 dekorace.<\/p>\n<p data-start=\"382\" data-end=\"582\">\ud83e\udd92 <strong data-start=\"385\" data-end=\"425\">Ru\u010dn\u00ed v\u00fdroba \u2013 ka\u017ed\u00fd kus je origin\u00e1l<\/strong><br data-start=\"425\" data-end=\"428\" \/>\ud83c\udfa8 <strong data-start=\"431\" data-end=\"487\">Kombinace \u017elut\u00e9, \u010dern\u00e9 a hn\u011bd\u00e9 pro autentick\u00fd vzhled<\/strong><br data-start=\"487\" data-end=\"490\" \/>\ud83d\udc9b <strong data-start=\"493\" data-end=\"525\">M\u011bkou\u010dk\u00e1 a p\u0159\u00edjemn\u00e1 na dotek<\/strong><br data-start=\"525\" data-end=\"528\" \/>\ud83c\udf80 <strong data-start=\"531\" data-end=\"580\">Skv\u011bl\u00fd d\u00e1rek pro milovn\u00edky \u017eiraf<\/strong><\/p>\n<p data-start=\"584\" data-end=\"630\" data-is-last-node=\"\">Kdo si vezme tuto usm\u011bvavou \u017eirafu dom\u016f? \ud83e\udd92\ud83d\udc9b\u2728<\/p>\n","protected":false},"featured_media":1511,"comment_status":"open","ping_status":"closed","template":"","meta":{"_uag_custom_page_level_css":"","_monsterinsights_skip_tracking":false,"_monsterinsights_sitenote_active":false,"_monsterinsights_sitenote_note":"","_monsterinsights_sitenote_category":0,"_kadence_starter_templates_imported_post":false,"_kad_post_transparent":"default","_kad_post_title":"","_kad_post_layout":"default","_kad_post_sidebar_id":"","_kad_post_content_style":"default","_kad_post_vertical_padding":"default","_kad_post_feature":"","_kad_post_feature_position":"","_kad_post_header":false,"_kad_post_footer":false,"_kad_post_classname":""},"product_brand":[],"product_cat":[28],"product_tag":[],"class_list":{"0":"post-1747","1":"product","2":"type-product","3":"status-publish","4":"has-post-thumbnail","6":"product_cat-zviratka","8":"first","9":"outofstock","10":"shipping-taxable","11":"purchasable","12":"product-type-simple","13":"entry","14":"content-bg","15":"loop-entry"},"uagb_featured_image_src":{"full":["https:\/\/maruskahackuje.cz\/wp-content\/uploads\/2024\/10\/IMG_3018.jpg",1920,1920,false],"thumbnail":["https:\/\/maruskahackuje.cz\/wp-content\/uploads\/2024\/10\/IMG_3018-150x150.jpg",150,150,true],"medium":["https:\/\/maruskahackuje.cz\/wp-content\/uploads\/2024\/10\/IMG_3018-300x300.jpg",300,300,true],"medium_large":["https:\/\/maruskahackuje.cz\/wp-content\/uploads\/2024\/10\/IMG_3018-768x768.jpg",768,768,true],"large":["https:\/\/maruskahackuje.cz\/wp-content\/uploads\/2024\/10\/IMG_3018-1024x1024.jpg",1024,1024,true],"1536x1536":["https:\/\/maruskahackuje.cz\/wp-content\/uploads\/2024\/10\/IMG_3018-1536x1536.jpg",1536,1536,true],"2048x2048":["https:\/\/maruskahackuje.cz\/wp-content\/uploads\/2024\/10\/IMG_3018.jpg",1920,1920,false],"woocommerce_thumbnail":["https:\/\/maruskahackuje.cz\/wp-content\/uploads\/2024\/10\/IMG_3018-300x300.jpg",300,300,true],"woocommerce_single":["https:\/\/maruskahackuje.cz\/wp-content\/uploads\/2024\/10\/IMG_3018-600x600.jpg",600,600,true],"woocommerce_gallery_thumbnail":["https:\/\/maruskahackuje.cz\/wp-content\/uploads\/2024\/10\/IMG_3018-100x100.jpg",100,100,true]},"uagb_author_info":{"display_name":"admin","author_link":"https:\/\/maruskahackuje.cz\/index.php\/author\/"},"uagb_comment_info":0,"uagb_excerpt":"Tato roztomil\u00e1 \u017eirafa je ru\u010dn\u011b h\u00e1\u010dkovan\u00e1 s d\u016frazem na ka\u017ed\u00fd detail. Jej\u00ed jasn\u011b \u017elut\u00e9 t\u011bl\u00ed\u010dko zdob\u00ed typick\u00e9 \u010dern\u00e9 punt\u00edky, kter\u00e9 j\u00ed dod\u00e1vaj\u00ed hrav\u00fd vzhled. M\u00e1 hn\u011bd\u00e9 o\u010di pln\u00e9 n\u011bhy a roztomil\u00e9 ou\u0161ka, kter\u00e1 p\u0159\u00edmo vyb\u00edzej\u00ed k pohlazen\u00ed. Ide\u00e1ln\u00ed jako mil\u00fd spole\u010dn\u00edk nebo stylov\u00e1 dekorace. \ud83e\udd92 Ru\u010dn\u00ed v\u00fdroba \u2013 ka\u017ed\u00fd kus je origin\u00e1l\ud83c\udfa8 Kombinace \u017elut\u00e9, \u010dern\u00e9&hellip;","_links":{"self":[{"href":"https:\/\/maruskahackuje.cz\/index.php\/wp-json\/wp\/v2\/product\/1747","targetHints":{"allow":["GET"]}}],"collection":[{"href":"https:\/\/maruskahackuje.cz\/index.php\/wp-json\/wp\/v2\/product"}],"about":[{"href":"https:\/\/maruskahackuje.cz\/index.php\/wp-json\/wp\/v2\/types\/product"}],"replies":[{"embeddable":true,"href":"https:\/\/maruskahackuje.cz\/index.php\/wp-json\/wp\/v2\/comments?post=1747"}],"wp:featuredmedia":[{"embeddable":true,"href":"https:\/\/maruskahackuje.cz\/index.php\/wp-json\/wp\/v2\/media\/1511"}],"wp:attachment":[{"href":"https:\/\/maruskahackuje.cz\/index.php\/wp-json\/wp\/v2\/media?parent=1747"}],"wp:term":[{"taxonomy":"product_brand","embeddable":true,"href":"https:\/\/maruskahackuje.cz\/index.php\/wp-json\/wp\/v2\/product_brand?post=1747"},{"taxonomy":"product_cat","embeddable":true,"href":"https:\/\/maruskahackuje.cz\/index.php\/wp-json\/wp\/v2\/product_cat?post=1747"},{"taxonomy":"product_tag","embeddable":true,"href":"https:\/\/maruskahackuje.cz\/index.php\/wp-json\/wp\/v2\/product_tag?post=1747"}],"curies":[{"name":"wp","href":"https:\/\/api.w.org\/{rel}","templated":true}]}}