{"id":1744,"date":"2025-02-18T20:47:15","date_gmt":"2025-02-18T19:47:15","guid":{"rendered":"https:\/\/maruskahackuje.cz\/?post_type=product&#038;p=1744"},"modified":"2025-12-07T09:32:18","modified_gmt":"2025-12-07T08:32:18","slug":"kravicka","status":"publish","type":"product","link":"https:\/\/maruskahackuje.cz\/index.php\/product\/kravicka\/","title":{"rendered":"Kravi\u010dka"},"content":{"rendered":"<p>Velikost: cca 39 cm.<br \/>\nMateri\u00e1l: p\u0159\u00edze Himalaya Dolphin Baby, Betynka, n\u00e1pl\u0148 dut\u00e9 vl\u00e1kno, bezpe\u010dnostn\u00ed o\u010di s \u0159asami.<br \/>\nSlou\u017e\u00ed pouze k dekorativn\u00edm \u00fa\u010del\u016fm \u2013 vhodn\u00e9 k vystaven\u00ed na komodu, poli\u010dku, parapet apod.<\/p>\n","protected":false},"excerpt":{"rendered":"<p data-start=\"82\" data-end=\"435\">Tato kouzeln\u00e1 h\u00e1\u010dkovan\u00e1 kravi\u010dka v jemn\u00e9m tlumen\u011b r\u016f\u017eov\u00e9m odst\u00ednu (<em data-start=\"149\" data-end=\"161\">smoke rose<\/em>) je elegantn\u00ed a n\u011b\u017en\u00e1 z\u00e1rove\u0148. Je vyrobena z jemn\u011b t\u0159pytiv\u00e9 p\u0159\u00edze, kter\u00e1 j\u00ed dod\u00e1v\u00e1 poh\u00e1dkov\u00fd n\u00e1dech. R\u016f\u017eov\u00e9 kon\u010detiny a \u010dum\u00e1\u010dek kr\u00e1sn\u011b lad\u00ed s hn\u011bd\u00fdmi rohy, kter\u00e9 j\u00ed dod\u00e1vaj\u00ed typick\u00fd krav\u00ed vzhled. Ide\u00e1ln\u00ed jako origin\u00e1ln\u00ed dekorace.<\/p>\n<p data-start=\"437\" data-end=\"633\">\ud83d\udc2e <strong data-start=\"440\" data-end=\"481\">Ru\u010dn\u00ed v\u00fdroba \u2013 ka\u017ed\u00fd kus je jedine\u010dn\u00fd<\/strong><br data-start=\"481\" data-end=\"484\" \/>\u2728 <strong data-start=\"486\" data-end=\"523\">T\u0159pytiv\u00e1 p\u0159\u00edze pro kouzeln\u00fd efekt<\/strong><br data-start=\"523\" data-end=\"526\" \/>\ud83c\udf80 <strong data-start=\"529\" data-end=\"588\">Harmonick\u00e9 spojen\u00ed tlumen\u00e9 r\u016f\u017eov\u00e9, jemn\u00e9 r\u016f\u017eov\u00e9 a hn\u011bd\u00e9<\/strong><br data-start=\"588\" data-end=\"591\" \/>\ud83c\udf3f <strong data-start=\"594\" data-end=\"631\">Stylov\u00e1 dekorace i n\u00e1dhern\u00fd d\u00e1rek<\/strong><\/p>\n<p data-start=\"635\" data-end=\"686\" data-is-last-node=\"\">Tahle kravi\u010dka u\u017e se t\u011b\u0161\u00ed na sv\u016fj nov\u00fd domov! \ud83d\udc2e\ud83d\udc96\u2728<\/p>\n","protected":false},"featured_media":1521,"comment_status":"open","ping_status":"closed","template":"","meta":{"_uag_custom_page_level_css":"","_monsterinsights_skip_tracking":false,"_monsterinsights_sitenote_active":false,"_monsterinsights_sitenote_note":"","_monsterinsights_sitenote_category":0,"_kadence_starter_templates_imported_post":false,"_kad_post_transparent":"default","_kad_post_title":"","_kad_post_layout":"default","_kad_post_sidebar_id":"","_kad_post_content_style":"default","_kad_post_vertical_padding":"default","_kad_post_feature":"","_kad_post_feature_position":"","_kad_post_header":false,"_kad_post_footer":false,"_kad_post_classname":""},"product_brand":[],"product_cat":[28],"product_tag":[],"class_list":{"0":"post-1744","1":"product","2":"type-product","3":"status-publish","4":"has-post-thumbnail","6":"product_cat-zviratka","8":"first","9":"outofstock","10":"shipping-taxable","11":"purchasable","12":"product-type-simple","13":"entry","14":"content-bg","15":"loop-entry"},"uagb_featured_image_src":{"full":["https:\/\/maruskahackuje.cz\/wp-content\/uploads\/2024\/10\/IMG_3030.jpg",1920,1920,false],"thumbnail":["https:\/\/maruskahackuje.cz\/wp-content\/uploads\/2024\/10\/IMG_3030-150x150.jpg",150,150,true],"medium":["https:\/\/maruskahackuje.cz\/wp-content\/uploads\/2024\/10\/IMG_3030-300x300.jpg",300,300,true],"medium_large":["https:\/\/maruskahackuje.cz\/wp-content\/uploads\/2024\/10\/IMG_3030-768x768.jpg",768,768,true],"large":["https:\/\/maruskahackuje.cz\/wp-content\/uploads\/2024\/10\/IMG_3030-1024x1024.jpg",1024,1024,true],"1536x1536":["https:\/\/maruskahackuje.cz\/wp-content\/uploads\/2024\/10\/IMG_3030-1536x1536.jpg",1536,1536,true],"2048x2048":["https:\/\/maruskahackuje.cz\/wp-content\/uploads\/2024\/10\/IMG_3030.jpg",1920,1920,false],"woocommerce_thumbnail":["https:\/\/maruskahackuje.cz\/wp-content\/uploads\/2024\/10\/IMG_3030-300x300.jpg",300,300,true],"woocommerce_single":["https:\/\/maruskahackuje.cz\/wp-content\/uploads\/2024\/10\/IMG_3030-600x600.jpg",600,600,true],"woocommerce_gallery_thumbnail":["https:\/\/maruskahackuje.cz\/wp-content\/uploads\/2024\/10\/IMG_3030-100x100.jpg",100,100,true]},"uagb_author_info":{"display_name":"admin","author_link":"https:\/\/maruskahackuje.cz\/index.php\/author\/"},"uagb_comment_info":0,"uagb_excerpt":"Tato kouzeln\u00e1 h\u00e1\u010dkovan\u00e1 kravi\u010dka v jemn\u00e9m tlumen\u011b r\u016f\u017eov\u00e9m odst\u00ednu (smoke rose) je elegantn\u00ed a n\u011b\u017en\u00e1 z\u00e1rove\u0148. Je vyrobena z jemn\u011b t\u0159pytiv\u00e9 p\u0159\u00edze, kter\u00e1 j\u00ed dod\u00e1v\u00e1 poh\u00e1dkov\u00fd n\u00e1dech. R\u016f\u017eov\u00e9 kon\u010detiny a \u010dum\u00e1\u010dek kr\u00e1sn\u011b lad\u00ed s hn\u011bd\u00fdmi rohy, kter\u00e9 j\u00ed dod\u00e1vaj\u00ed typick\u00fd krav\u00ed vzhled. Ide\u00e1ln\u00ed jako origin\u00e1ln\u00ed dekorace. \ud83d\udc2e Ru\u010dn\u00ed v\u00fdroba \u2013 ka\u017ed\u00fd kus je jedine\u010dn\u00fd\u2728 T\u0159pytiv\u00e1&hellip;","_links":{"self":[{"href":"https:\/\/maruskahackuje.cz\/index.php\/wp-json\/wp\/v2\/product\/1744","targetHints":{"allow":["GET"]}}],"collection":[{"href":"https:\/\/maruskahackuje.cz\/index.php\/wp-json\/wp\/v2\/product"}],"about":[{"href":"https:\/\/maruskahackuje.cz\/index.php\/wp-json\/wp\/v2\/types\/product"}],"replies":[{"embeddable":true,"href":"https:\/\/maruskahackuje.cz\/index.php\/wp-json\/wp\/v2\/comments?post=1744"}],"wp:featuredmedia":[{"embeddable":true,"href":"https:\/\/maruskahackuje.cz\/index.php\/wp-json\/wp\/v2\/media\/1521"}],"wp:attachment":[{"href":"https:\/\/maruskahackuje.cz\/index.php\/wp-json\/wp\/v2\/media?parent=1744"}],"wp:term":[{"taxonomy":"product_brand","embeddable":true,"href":"https:\/\/maruskahackuje.cz\/index.php\/wp-json\/wp\/v2\/product_brand?post=1744"},{"taxonomy":"product_cat","embeddable":true,"href":"https:\/\/maruskahackuje.cz\/index.php\/wp-json\/wp\/v2\/product_cat?post=1744"},{"taxonomy":"product_tag","embeddable":true,"href":"https:\/\/maruskahackuje.cz\/index.php\/wp-json\/wp\/v2\/product_tag?post=1744"}],"curies":[{"name":"wp","href":"https:\/\/api.w.org\/{rel}","templated":true}]}}