{"id":1743,"date":"2025-02-18T20:43:58","date_gmt":"2025-02-18T19:43:58","guid":{"rendered":"https:\/\/maruskahackuje.cz\/?post_type=product&#038;p=1743"},"modified":"2025-04-01T18:57:26","modified_gmt":"2025-04-01T16:57:26","slug":"slepicka","status":"publish","type":"product","link":"https:\/\/maruskahackuje.cz\/index.php\/product\/slepicka\/","title":{"rendered":"Slepi\u010dka"},"content":{"rendered":"<p>Velikost: cca 20 cm.<br \/>\nMateri\u00e1l: p\u0159\u00edze YarnArt Jeans, n\u00e1pl\u0148 dut\u00e9 vl\u00e1kno, bezpe\u010dnostn\u00ed o\u010di.<br \/>\nSlou\u017e\u00ed pouze k dekorativn\u00edm \u00fa\u010del\u016fm \u2013 vhodn\u00e9 k vystaven\u00ed na komodu, poli\u010dku, parapet apod.<\/p>\n","protected":false},"excerpt":{"rendered":"<p data-start=\"82\" data-end=\"358\">Tato n\u011b\u017en\u00e1 kr\u00e9mov\u00e1 slepi\u010dka je ru\u010dn\u011b h\u00e1\u010dkovan\u00e1 s l\u00e1skou k detail\u016fm. Je ozdobena v\u00fdrazn\u00fdm \u010derven\u00fdm h\u0159eb\u00ednkem a obl\u00e9kla si m\u011bkou\u010dk\u00fd svet\u0159\u00edk v kr\u00e1sn\u00fdch fialov\u00fdch odst\u00ednech. Skv\u011ble se hod\u00ed jako velikono\u010dn\u00ed dekorace, ale pot\u011b\u0161\u00ed i po cel\u00fd rok jako stylov\u00fd dopln\u011bk nebo mil\u00fd d\u00e1rek.<\/p>\n<p data-start=\"360\" data-end=\"558\">\ud83d\udc14 <strong data-start=\"363\" data-end=\"406\">Ru\u010dn\u00ed v\u00fdroba \u2013 ka\u017ed\u00fd kousek je origin\u00e1l<\/strong><br data-start=\"406\" data-end=\"409\" \/>\ud83c\udfa8 <strong data-start=\"412\" data-end=\"454\">Barevn\u00fd svet\u0159\u00edk dod\u00e1v\u00e1 jedine\u010dn\u00fd \u0161mrnc<\/strong><br data-start=\"454\" data-end=\"457\" \/>\ud83c\udf3f <strong data-start=\"460\" data-end=\"503\">Skv\u011bl\u00e1 velikono\u010dn\u00ed i celoro\u010dn\u00ed dekorace<\/strong><br data-start=\"503\" data-end=\"506\" \/>\ud83c\udf80 <strong data-start=\"509\" data-end=\"556\">Roztomil\u00e1 slepi\u010dka, kter\u00e1 o\u017eiv\u00ed ka\u017ed\u00fd domov<\/strong><\/p>\n<p data-start=\"560\" data-end=\"599\" data-is-last-node=\"\">Kdo si tuto fe\u0161andu vezme k sob\u011b? \ud83d\udc14\ud83d\udc9c\u2728<\/p>\n","protected":false},"featured_media":1529,"comment_status":"open","ping_status":"closed","template":"","meta":{"_uag_custom_page_level_css":"","_monsterinsights_skip_tracking":false,"_monsterinsights_sitenote_active":false,"_monsterinsights_sitenote_note":"","_monsterinsights_sitenote_category":0,"_kadence_starter_templates_imported_post":false,"_kad_post_transparent":"default","_kad_post_title":"","_kad_post_layout":"default","_kad_post_sidebar_id":"","_kad_post_content_style":"default","_kad_post_vertical_padding":"default","_kad_post_feature":"","_kad_post_feature_position":"","_kad_post_header":false,"_kad_post_footer":false,"_kad_post_classname":""},"product_brand":[],"product_cat":[28],"product_tag":[],"class_list":{"0":"post-1743","1":"product","2":"type-product","3":"status-publish","4":"has-post-thumbnail","6":"product_cat-zviratka","8":"first","9":"instock","10":"shipping-taxable","11":"purchasable","12":"product-type-simple","13":"entry","14":"content-bg","15":"loop-entry"},"uagb_featured_image_src":{"full":["https:\/\/maruskahackuje.cz\/wp-content\/uploads\/2024\/10\/IMG_3277.jpg",1920,1920,false],"thumbnail":["https:\/\/maruskahackuje.cz\/wp-content\/uploads\/2024\/10\/IMG_3277-150x150.jpg",150,150,true],"medium":["https:\/\/maruskahackuje.cz\/wp-content\/uploads\/2024\/10\/IMG_3277-300x300.jpg",300,300,true],"medium_large":["https:\/\/maruskahackuje.cz\/wp-content\/uploads\/2024\/10\/IMG_3277-768x768.jpg",768,768,true],"large":["https:\/\/maruskahackuje.cz\/wp-content\/uploads\/2024\/10\/IMG_3277-1024x1024.jpg",1024,1024,true],"1536x1536":["https:\/\/maruskahackuje.cz\/wp-content\/uploads\/2024\/10\/IMG_3277-1536x1536.jpg",1536,1536,true],"2048x2048":["https:\/\/maruskahackuje.cz\/wp-content\/uploads\/2024\/10\/IMG_3277.jpg",1920,1920,false],"woocommerce_thumbnail":["https:\/\/maruskahackuje.cz\/wp-content\/uploads\/2024\/10\/IMG_3277-300x300.jpg",300,300,true],"woocommerce_single":["https:\/\/maruskahackuje.cz\/wp-content\/uploads\/2024\/10\/IMG_3277-600x600.jpg",600,600,true],"woocommerce_gallery_thumbnail":["https:\/\/maruskahackuje.cz\/wp-content\/uploads\/2024\/10\/IMG_3277-100x100.jpg",100,100,true]},"uagb_author_info":{"display_name":"admin","author_link":"https:\/\/maruskahackuje.cz\/index.php\/author\/"},"uagb_comment_info":0,"uagb_excerpt":"Tato n\u011b\u017en\u00e1 kr\u00e9mov\u00e1 slepi\u010dka je ru\u010dn\u011b h\u00e1\u010dkovan\u00e1 s l\u00e1skou k detail\u016fm. Je ozdobena v\u00fdrazn\u00fdm \u010derven\u00fdm h\u0159eb\u00ednkem a obl\u00e9kla si m\u011bkou\u010dk\u00fd svet\u0159\u00edk v kr\u00e1sn\u00fdch fialov\u00fdch odst\u00ednech. Skv\u011ble se hod\u00ed jako velikono\u010dn\u00ed dekorace, ale pot\u011b\u0161\u00ed i po cel\u00fd rok jako stylov\u00fd dopln\u011bk nebo mil\u00fd d\u00e1rek. \ud83d\udc14 Ru\u010dn\u00ed v\u00fdroba \u2013 ka\u017ed\u00fd kousek je origin\u00e1l\ud83c\udfa8 Barevn\u00fd svet\u0159\u00edk dod\u00e1v\u00e1 jedine\u010dn\u00fd&hellip;","_links":{"self":[{"href":"https:\/\/maruskahackuje.cz\/index.php\/wp-json\/wp\/v2\/product\/1743","targetHints":{"allow":["GET"]}}],"collection":[{"href":"https:\/\/maruskahackuje.cz\/index.php\/wp-json\/wp\/v2\/product"}],"about":[{"href":"https:\/\/maruskahackuje.cz\/index.php\/wp-json\/wp\/v2\/types\/product"}],"replies":[{"embeddable":true,"href":"https:\/\/maruskahackuje.cz\/index.php\/wp-json\/wp\/v2\/comments?post=1743"}],"wp:featuredmedia":[{"embeddable":true,"href":"https:\/\/maruskahackuje.cz\/index.php\/wp-json\/wp\/v2\/media\/1529"}],"wp:attachment":[{"href":"https:\/\/maruskahackuje.cz\/index.php\/wp-json\/wp\/v2\/media?parent=1743"}],"wp:term":[{"taxonomy":"product_brand","embeddable":true,"href":"https:\/\/maruskahackuje.cz\/index.php\/wp-json\/wp\/v2\/product_brand?post=1743"},{"taxonomy":"product_cat","embeddable":true,"href":"https:\/\/maruskahackuje.cz\/index.php\/wp-json\/wp\/v2\/product_cat?post=1743"},{"taxonomy":"product_tag","embeddable":true,"href":"https:\/\/maruskahackuje.cz\/index.php\/wp-json\/wp\/v2\/product_tag?post=1743"}],"curies":[{"name":"wp","href":"https:\/\/api.w.org\/{rel}","templated":true}]}}