{"id":1742,"date":"2025-02-18T20:39:28","date_gmt":"2025-02-18T19:39:28","guid":{"rendered":"https:\/\/maruskahackuje.cz\/?post_type=product&#038;p=1742"},"modified":"2025-04-01T18:57:49","modified_gmt":"2025-04-01T16:57:49","slug":"hrosice","status":"publish","type":"product","link":"https:\/\/maruskahackuje.cz\/index.php\/product\/hrosice\/","title":{"rendered":"Hro\u0161ice"},"content":{"rendered":"<p>Velikost: cca 33 cm.<br \/>\nMateri\u00e1l: p\u0159\u00edze Himalaya Dolphin Baby, Betynka, n\u00e1pl\u0148 dut\u00e9 vl\u00e1kno, pohybliv\u00e9 o\u010di, kovov\u00fd zvone\u010dek, d\u0159ev\u011bn\u00e9 knofl\u00ed\u010dky.<br \/>\nSlou\u017e\u00ed pouze k dekorativn\u00edm \u00fa\u010del\u016fm \u2013 vhodn\u00e9 k vystaven\u00ed na komodu, poli\u010dku, parapet apod.<\/p>\n","protected":false},"excerpt":{"rendered":"<p data-start=\"73\" data-end=\"394\">Tato jedine\u010dn\u00e1 h\u00e1\u010dkovan\u00e1 hro\u0161ice je nejen roztomil\u00e1, ale d\u00edky jemn\u00fdm t\u0159pytk\u00e1m i neodolateln\u011b kouzeln\u00e1. Je oble\u010den\u00e1 do elegantn\u00edch v\u00ednov\u00fdch \u0161at\u016f, ozdoben\u00fdch d\u0159ev\u011bn\u00fdmi knofl\u00ed\u010dky ve tvaru muchom\u016frky, a ve vlasech j\u00ed nechyb\u00ed stylov\u00e1 ma\u0161li\u010dka. Skv\u011bl\u00fd dopln\u011bk do d\u011btsk\u00e9ho pokoje i origin\u00e1ln\u00ed d\u00e1rek pro milovn\u00edky ru\u010dn\u00ed tvorby.<\/p>\n<p data-start=\"396\" data-end=\"608\">\ud83e\udd9b <strong data-start=\"399\" data-end=\"439\">Ru\u010dn\u00ed v\u00fdroba \u2013 ka\u017ed\u00fd kus je origin\u00e1l<\/strong><br data-start=\"439\" data-end=\"442\" \/>\u2728 <strong data-start=\"444\" data-end=\"486\">Jemn\u00e9 t\u0159pytky dod\u00e1vaj\u00ed kouzeln\u00fd n\u00e1dech<\/strong><br data-start=\"486\" data-end=\"489\" \/>\ud83c\udf44 <strong data-start=\"492\" data-end=\"552\">D\u0159ev\u011bn\u00e9 knofl\u00ed\u010dky ve tvaru muchom\u016frky jako kr\u00e1sn\u00fd detail<\/strong><br data-start=\"552\" data-end=\"555\" \/>\ud83c\udf80 <strong data-start=\"558\" data-end=\"606\">Stylov\u00e1 ma\u0161li\u010dka podtrhuje jej\u00ed n\u011b\u017en\u00fd vzhled<\/strong><\/p>\n<p data-start=\"610\" data-end=\"654\" data-is-last-node=\"\">Hled\u00e1 nov\u00fd domov \u2013 kdo si ji adoptuje? \ud83e\udd9b\ud83d\udc96\u2728<\/p>\n","protected":false},"featured_media":1535,"comment_status":"open","ping_status":"closed","template":"","meta":{"_uag_custom_page_level_css":"","_monsterinsights_skip_tracking":false,"_monsterinsights_sitenote_active":false,"_monsterinsights_sitenote_note":"","_monsterinsights_sitenote_category":0,"_kadence_starter_templates_imported_post":false,"_kad_post_transparent":"default","_kad_post_title":"","_kad_post_layout":"default","_kad_post_sidebar_id":"","_kad_post_content_style":"default","_kad_post_vertical_padding":"default","_kad_post_feature":"","_kad_post_feature_position":"","_kad_post_header":false,"_kad_post_footer":false,"_kad_post_classname":""},"product_brand":[],"product_cat":[28],"product_tag":[],"class_list":{"0":"post-1742","1":"product","2":"type-product","3":"status-publish","4":"has-post-thumbnail","6":"product_cat-zviratka","8":"first","9":"instock","10":"shipping-taxable","11":"purchasable","12":"product-type-simple","13":"entry","14":"content-bg","15":"loop-entry"},"uagb_featured_image_src":{"full":["https:\/\/maruskahackuje.cz\/wp-content\/uploads\/2024\/10\/IMG_3284.jpg",1920,1920,false],"thumbnail":["https:\/\/maruskahackuje.cz\/wp-content\/uploads\/2024\/10\/IMG_3284-150x150.jpg",150,150,true],"medium":["https:\/\/maruskahackuje.cz\/wp-content\/uploads\/2024\/10\/IMG_3284-300x300.jpg",300,300,true],"medium_large":["https:\/\/maruskahackuje.cz\/wp-content\/uploads\/2024\/10\/IMG_3284-768x768.jpg",768,768,true],"large":["https:\/\/maruskahackuje.cz\/wp-content\/uploads\/2024\/10\/IMG_3284-1024x1024.jpg",1024,1024,true],"1536x1536":["https:\/\/maruskahackuje.cz\/wp-content\/uploads\/2024\/10\/IMG_3284-1536x1536.jpg",1536,1536,true],"2048x2048":["https:\/\/maruskahackuje.cz\/wp-content\/uploads\/2024\/10\/IMG_3284.jpg",1920,1920,false],"woocommerce_thumbnail":["https:\/\/maruskahackuje.cz\/wp-content\/uploads\/2024\/10\/IMG_3284-300x300.jpg",300,300,true],"woocommerce_single":["https:\/\/maruskahackuje.cz\/wp-content\/uploads\/2024\/10\/IMG_3284-600x600.jpg",600,600,true],"woocommerce_gallery_thumbnail":["https:\/\/maruskahackuje.cz\/wp-content\/uploads\/2024\/10\/IMG_3284-100x100.jpg",100,100,true]},"uagb_author_info":{"display_name":"admin","author_link":"https:\/\/maruskahackuje.cz\/index.php\/author\/"},"uagb_comment_info":0,"uagb_excerpt":"Tato jedine\u010dn\u00e1 h\u00e1\u010dkovan\u00e1 hro\u0161ice je nejen roztomil\u00e1, ale d\u00edky jemn\u00fdm t\u0159pytk\u00e1m i neodolateln\u011b kouzeln\u00e1. Je oble\u010den\u00e1 do elegantn\u00edch v\u00ednov\u00fdch \u0161at\u016f, ozdoben\u00fdch d\u0159ev\u011bn\u00fdmi knofl\u00ed\u010dky ve tvaru muchom\u016frky, a ve vlasech j\u00ed nechyb\u00ed stylov\u00e1 ma\u0161li\u010dka. Skv\u011bl\u00fd dopln\u011bk do d\u011btsk\u00e9ho pokoje i origin\u00e1ln\u00ed d\u00e1rek pro milovn\u00edky ru\u010dn\u00ed tvorby. \ud83e\udd9b Ru\u010dn\u00ed v\u00fdroba \u2013 ka\u017ed\u00fd kus je origin\u00e1l\u2728 Jemn\u00e9 t\u0159pytky&hellip;","_links":{"self":[{"href":"https:\/\/maruskahackuje.cz\/index.php\/wp-json\/wp\/v2\/product\/1742","targetHints":{"allow":["GET"]}}],"collection":[{"href":"https:\/\/maruskahackuje.cz\/index.php\/wp-json\/wp\/v2\/product"}],"about":[{"href":"https:\/\/maruskahackuje.cz\/index.php\/wp-json\/wp\/v2\/types\/product"}],"replies":[{"embeddable":true,"href":"https:\/\/maruskahackuje.cz\/index.php\/wp-json\/wp\/v2\/comments?post=1742"}],"wp:featuredmedia":[{"embeddable":true,"href":"https:\/\/maruskahackuje.cz\/index.php\/wp-json\/wp\/v2\/media\/1535"}],"wp:attachment":[{"href":"https:\/\/maruskahackuje.cz\/index.php\/wp-json\/wp\/v2\/media?parent=1742"}],"wp:term":[{"taxonomy":"product_brand","embeddable":true,"href":"https:\/\/maruskahackuje.cz\/index.php\/wp-json\/wp\/v2\/product_brand?post=1742"},{"taxonomy":"product_cat","embeddable":true,"href":"https:\/\/maruskahackuje.cz\/index.php\/wp-json\/wp\/v2\/product_cat?post=1742"},{"taxonomy":"product_tag","embeddable":true,"href":"https:\/\/maruskahackuje.cz\/index.php\/wp-json\/wp\/v2\/product_tag?post=1742"}],"curies":[{"name":"wp","href":"https:\/\/api.w.org\/{rel}","templated":true}]}}