{"id":1740,"date":"2025-02-18T20:31:35","date_gmt":"2025-02-18T19:31:35","guid":{"rendered":"https:\/\/maruskahackuje.cz\/?post_type=product&#038;p=1740"},"modified":"2025-12-07T09:33:04","modified_gmt":"2025-12-07T08:33:04","slug":"ovecka","status":"publish","type":"product","link":"https:\/\/maruskahackuje.cz\/index.php\/product\/ovecka\/","title":{"rendered":"Ove\u010dka"},"content":{"rendered":"<p>Velikost: cca 30 cm.<br \/>\nMateri\u00e1l: p\u0159\u00edze Himalaya Dolphin Baby, Betynka, n\u00e1pl\u0148 dut\u00e9 vl\u00e1kno, bezpe\u010dnostn\u00ed o\u010di, kovov\u00fd zvone\u010dek.<br \/>\nSlou\u017e\u00ed pouze k dekorativn\u00edm \u00fa\u010del\u016fm \u2013 vhodn\u00e9 k vystaven\u00ed na komodu, poli\u010dku, parapet apod.<\/p>\n","protected":false},"excerpt":{"rendered":"<p data-start=\"79\" data-end=\"308\">Tato ru\u010dn\u011b h\u00e1\u010dkovan\u00e1 ove\u010dka je nejen kr\u00e1sn\u011b hebk\u00e1, ale d\u00edky sv\u00e9mu zlat\u00e9mu zvone\u010dku, kter\u00fd jemn\u011b cink\u00e1, vnese do va\u0161eho domova kouzlo jara. Je ide\u00e1ln\u00ed jako velikono\u010dn\u00ed dekorace, ale pot\u011b\u0161\u00ed i po cel\u00fd rok.<\/p>\n<p data-start=\"310\" data-end=\"489\">\ud83d\udc11 <strong data-start=\"313\" data-end=\"345\">M\u011bkou\u010dk\u00e1 a p\u0159\u00edjemn\u00e1 na dotek<\/strong><br data-start=\"345\" data-end=\"348\" \/>\ud83d\udd14 <strong data-start=\"351\" data-end=\"392\">Zlat\u00fd zvone\u010dek dod\u00e1v\u00e1 kouzeln\u00fd detail<\/strong><br data-start=\"392\" data-end=\"395\" \/>\ud83c\udf3f <strong data-start=\"398\" data-end=\"441\">Skv\u011bl\u00e1 velikono\u010dn\u00ed i celoro\u010dn\u00ed dekorace<\/strong><br data-start=\"441\" data-end=\"444\" \/>\ud83c\udf80 <strong data-start=\"447\" data-end=\"487\">Ru\u010dn\u00ed v\u00fdroba \u2013 ka\u017ed\u00fd kus je origin\u00e1l<\/strong><\/p>\n<p data-start=\"491\" data-end=\"558\" data-is-last-node=\"\">Tahle ove\u010dka u\u017e netrp\u011bliv\u011b \u010dek\u00e1, a\u017e najde sv\u00e9 m\u00edsto u v\u00e1s doma! \ud83d\udc11\u2728<\/p>\n","protected":false},"featured_media":1540,"comment_status":"open","ping_status":"closed","template":"","meta":{"_uag_custom_page_level_css":"","_monsterinsights_skip_tracking":false,"_monsterinsights_sitenote_active":false,"_monsterinsights_sitenote_note":"","_monsterinsights_sitenote_category":0,"_kadence_starter_templates_imported_post":false,"_kad_post_transparent":"default","_kad_post_title":"","_kad_post_layout":"default","_kad_post_sidebar_id":"","_kad_post_content_style":"default","_kad_post_vertical_padding":"default","_kad_post_feature":"","_kad_post_feature_position":"","_kad_post_header":false,"_kad_post_footer":false,"_kad_post_classname":""},"product_brand":[],"product_cat":[28],"product_tag":[],"class_list":{"0":"post-1740","1":"product","2":"type-product","3":"status-publish","4":"has-post-thumbnail","6":"product_cat-zviratka","8":"first","9":"outofstock","10":"shipping-taxable","11":"purchasable","12":"product-type-simple","13":"entry","14":"content-bg","15":"loop-entry"},"uagb_featured_image_src":{"full":["https:\/\/maruskahackuje.cz\/wp-content\/uploads\/2024\/10\/IMG_3294.jpg",1920,1920,false],"thumbnail":["https:\/\/maruskahackuje.cz\/wp-content\/uploads\/2024\/10\/IMG_3294-150x150.jpg",150,150,true],"medium":["https:\/\/maruskahackuje.cz\/wp-content\/uploads\/2024\/10\/IMG_3294-300x300.jpg",300,300,true],"medium_large":["https:\/\/maruskahackuje.cz\/wp-content\/uploads\/2024\/10\/IMG_3294-768x768.jpg",768,768,true],"large":["https:\/\/maruskahackuje.cz\/wp-content\/uploads\/2024\/10\/IMG_3294-1024x1024.jpg",1024,1024,true],"1536x1536":["https:\/\/maruskahackuje.cz\/wp-content\/uploads\/2024\/10\/IMG_3294-1536x1536.jpg",1536,1536,true],"2048x2048":["https:\/\/maruskahackuje.cz\/wp-content\/uploads\/2024\/10\/IMG_3294.jpg",1920,1920,false],"woocommerce_thumbnail":["https:\/\/maruskahackuje.cz\/wp-content\/uploads\/2024\/10\/IMG_3294-300x300.jpg",300,300,true],"woocommerce_single":["https:\/\/maruskahackuje.cz\/wp-content\/uploads\/2024\/10\/IMG_3294-600x600.jpg",600,600,true],"woocommerce_gallery_thumbnail":["https:\/\/maruskahackuje.cz\/wp-content\/uploads\/2024\/10\/IMG_3294-100x100.jpg",100,100,true]},"uagb_author_info":{"display_name":"admin","author_link":"https:\/\/maruskahackuje.cz\/index.php\/author\/"},"uagb_comment_info":0,"uagb_excerpt":"Tato ru\u010dn\u011b h\u00e1\u010dkovan\u00e1 ove\u010dka je nejen kr\u00e1sn\u011b hebk\u00e1, ale d\u00edky sv\u00e9mu zlat\u00e9mu zvone\u010dku, kter\u00fd jemn\u011b cink\u00e1, vnese do va\u0161eho domova kouzlo jara. Je ide\u00e1ln\u00ed jako velikono\u010dn\u00ed dekorace, ale pot\u011b\u0161\u00ed i po cel\u00fd rok. \ud83d\udc11 M\u011bkou\u010dk\u00e1 a p\u0159\u00edjemn\u00e1 na dotek\ud83d\udd14 Zlat\u00fd zvone\u010dek dod\u00e1v\u00e1 kouzeln\u00fd detail\ud83c\udf3f Skv\u011bl\u00e1 velikono\u010dn\u00ed i celoro\u010dn\u00ed dekorace\ud83c\udf80 Ru\u010dn\u00ed v\u00fdroba \u2013 ka\u017ed\u00fd kus je&hellip;","_links":{"self":[{"href":"https:\/\/maruskahackuje.cz\/index.php\/wp-json\/wp\/v2\/product\/1740","targetHints":{"allow":["GET"]}}],"collection":[{"href":"https:\/\/maruskahackuje.cz\/index.php\/wp-json\/wp\/v2\/product"}],"about":[{"href":"https:\/\/maruskahackuje.cz\/index.php\/wp-json\/wp\/v2\/types\/product"}],"replies":[{"embeddable":true,"href":"https:\/\/maruskahackuje.cz\/index.php\/wp-json\/wp\/v2\/comments?post=1740"}],"wp:featuredmedia":[{"embeddable":true,"href":"https:\/\/maruskahackuje.cz\/index.php\/wp-json\/wp\/v2\/media\/1540"}],"wp:attachment":[{"href":"https:\/\/maruskahackuje.cz\/index.php\/wp-json\/wp\/v2\/media?parent=1740"}],"wp:term":[{"taxonomy":"product_brand","embeddable":true,"href":"https:\/\/maruskahackuje.cz\/index.php\/wp-json\/wp\/v2\/product_brand?post=1740"},{"taxonomy":"product_cat","embeddable":true,"href":"https:\/\/maruskahackuje.cz\/index.php\/wp-json\/wp\/v2\/product_cat?post=1740"},{"taxonomy":"product_tag","embeddable":true,"href":"https:\/\/maruskahackuje.cz\/index.php\/wp-json\/wp\/v2\/product_tag?post=1740"}],"curies":[{"name":"wp","href":"https:\/\/api.w.org\/{rel}","templated":true}]}}