{"id":1739,"date":"2025-02-18T20:28:06","date_gmt":"2025-02-18T19:28:06","guid":{"rendered":"https:\/\/maruskahackuje.cz\/?post_type=product&#038;p=1739"},"modified":"2025-04-01T18:59:00","modified_gmt":"2025-04-01T16:59:00","slug":"zajicek","status":"publish","type":"product","link":"https:\/\/maruskahackuje.cz\/index.php\/product\/zajicek\/","title":{"rendered":"Zaj\u00ed\u010dek"},"content":{"rendered":"<p>Velikost: cca 34 cm.<br \/>\nMateri\u00e1l: p\u0159\u00edze YarnArt Jeans, n\u00e1pl\u0148 dut\u00e9 vl\u00e1kno, bezpe\u010dnostn\u00ed o\u010di a \u010dum\u00e1\u010dek.<br \/>\nSlou\u017e\u00ed pouze k dekorativn\u00edm \u00fa\u010del\u016fm \u2013 vhodn\u00e9 k vystaven\u00ed na komodu, poli\u010dku, parapet apod.<\/p>\n","protected":false},"excerpt":{"rendered":"<p data-start=\"80\" data-end=\"336\">Tento n\u011b\u017en\u00fd r\u016f\u017eov\u00fd zaj\u00ed\u010dek je ru\u010dn\u011b h\u00e1\u010dkovan\u00fd s l\u00e1skou a pe\u010dlivost\u00ed. D\u00edky voln\u011b vis\u00edc\u00edm no\u017ek\u00e1m se skv\u011ble hod\u00ed k posazen\u00ed na parapet, poli\u010dku nebo t\u0159eba na komodu. Je roztomil\u00fd a p\u0159inese do va\u0161eho domova pohodu i kouzeln\u00fd dotek ru\u010dn\u00ed pr\u00e1ce.<\/p>\n<p data-start=\"338\" data-end=\"488\">\ud83d\udc30 <strong data-start=\"341\" data-end=\"382\">Origin\u00e1ln\u00ed dekorace<\/strong><br data-start=\"382\" data-end=\"385\" \/>\ud83c\udf80 <strong data-start=\"388\" data-end=\"432\">Ru\u010dn\u00ed v\u00fdroba \u2013 ka\u017ed\u00fd kousek je jedine\u010dn\u00fd<\/strong><\/p>\n<p data-start=\"490\" data-end=\"558\" data-is-last-node=\"\">Tento mal\u00fd zaj\u00ed\u010dek u\u017e se t\u011b\u0161\u00ed, a\u017e mu najdete m\u00edsto u sebe doma! \ud83c\udf38\ud83d\udc07<\/p>\n","protected":false},"featured_media":1542,"comment_status":"open","ping_status":"closed","template":"","meta":{"_uag_custom_page_level_css":"","_monsterinsights_skip_tracking":false,"_monsterinsights_sitenote_active":false,"_monsterinsights_sitenote_note":"","_monsterinsights_sitenote_category":0,"_kadence_starter_templates_imported_post":false,"_kad_post_transparent":"default","_kad_post_title":"","_kad_post_layout":"default","_kad_post_sidebar_id":"","_kad_post_content_style":"default","_kad_post_vertical_padding":"default","_kad_post_feature":"","_kad_post_feature_position":"","_kad_post_header":false,"_kad_post_footer":false,"_kad_post_classname":""},"product_brand":[],"product_cat":[28],"product_tag":[],"class_list":{"0":"post-1739","1":"product","2":"type-product","3":"status-publish","4":"has-post-thumbnail","6":"product_cat-zviratka","8":"first","9":"instock","10":"shipping-taxable","11":"purchasable","12":"product-type-simple","13":"entry","14":"content-bg","15":"loop-entry"},"uagb_featured_image_src":{"full":["https:\/\/maruskahackuje.cz\/wp-content\/uploads\/2024\/10\/IMG_3297.jpg",1920,1920,false],"thumbnail":["https:\/\/maruskahackuje.cz\/wp-content\/uploads\/2024\/10\/IMG_3297-150x150.jpg",150,150,true],"medium":["https:\/\/maruskahackuje.cz\/wp-content\/uploads\/2024\/10\/IMG_3297-300x300.jpg",300,300,true],"medium_large":["https:\/\/maruskahackuje.cz\/wp-content\/uploads\/2024\/10\/IMG_3297-768x768.jpg",768,768,true],"large":["https:\/\/maruskahackuje.cz\/wp-content\/uploads\/2024\/10\/IMG_3297-1024x1024.jpg",1024,1024,true],"1536x1536":["https:\/\/maruskahackuje.cz\/wp-content\/uploads\/2024\/10\/IMG_3297-1536x1536.jpg",1536,1536,true],"2048x2048":["https:\/\/maruskahackuje.cz\/wp-content\/uploads\/2024\/10\/IMG_3297.jpg",1920,1920,false],"woocommerce_thumbnail":["https:\/\/maruskahackuje.cz\/wp-content\/uploads\/2024\/10\/IMG_3297-300x300.jpg",300,300,true],"woocommerce_single":["https:\/\/maruskahackuje.cz\/wp-content\/uploads\/2024\/10\/IMG_3297-600x600.jpg",600,600,true],"woocommerce_gallery_thumbnail":["https:\/\/maruskahackuje.cz\/wp-content\/uploads\/2024\/10\/IMG_3297-100x100.jpg",100,100,true]},"uagb_author_info":{"display_name":"admin","author_link":"https:\/\/maruskahackuje.cz\/index.php\/author\/"},"uagb_comment_info":0,"uagb_excerpt":"Tento n\u011b\u017en\u00fd r\u016f\u017eov\u00fd zaj\u00ed\u010dek je ru\u010dn\u011b h\u00e1\u010dkovan\u00fd s l\u00e1skou a pe\u010dlivost\u00ed. D\u00edky voln\u011b vis\u00edc\u00edm no\u017ek\u00e1m se skv\u011ble hod\u00ed k posazen\u00ed na parapet, poli\u010dku nebo t\u0159eba na komodu. Je roztomil\u00fd a p\u0159inese do va\u0161eho domova pohodu i kouzeln\u00fd dotek ru\u010dn\u00ed pr\u00e1ce. \ud83d\udc30 Origin\u00e1ln\u00ed dekorace\ud83c\udf80 Ru\u010dn\u00ed v\u00fdroba \u2013 ka\u017ed\u00fd kousek je jedine\u010dn\u00fd Tento mal\u00fd zaj\u00ed\u010dek u\u017e se&hellip;","_links":{"self":[{"href":"https:\/\/maruskahackuje.cz\/index.php\/wp-json\/wp\/v2\/product\/1739","targetHints":{"allow":["GET"]}}],"collection":[{"href":"https:\/\/maruskahackuje.cz\/index.php\/wp-json\/wp\/v2\/product"}],"about":[{"href":"https:\/\/maruskahackuje.cz\/index.php\/wp-json\/wp\/v2\/types\/product"}],"replies":[{"embeddable":true,"href":"https:\/\/maruskahackuje.cz\/index.php\/wp-json\/wp\/v2\/comments?post=1739"}],"wp:featuredmedia":[{"embeddable":true,"href":"https:\/\/maruskahackuje.cz\/index.php\/wp-json\/wp\/v2\/media\/1542"}],"wp:attachment":[{"href":"https:\/\/maruskahackuje.cz\/index.php\/wp-json\/wp\/v2\/media?parent=1739"}],"wp:term":[{"taxonomy":"product_brand","embeddable":true,"href":"https:\/\/maruskahackuje.cz\/index.php\/wp-json\/wp\/v2\/product_brand?post=1739"},{"taxonomy":"product_cat","embeddable":true,"href":"https:\/\/maruskahackuje.cz\/index.php\/wp-json\/wp\/v2\/product_cat?post=1739"},{"taxonomy":"product_tag","embeddable":true,"href":"https:\/\/maruskahackuje.cz\/index.php\/wp-json\/wp\/v2\/product_tag?post=1739"}],"curies":[{"name":"wp","href":"https:\/\/api.w.org\/{rel}","templated":true}]}}