{"id":1737,"date":"2025-02-18T20:21:39","date_gmt":"2025-02-18T19:21:39","guid":{"rendered":"https:\/\/maruskahackuje.cz\/?post_type=product&#038;p=1737"},"modified":"2025-12-07T09:42:23","modified_gmt":"2025-12-07T08:42:23","slug":"kocicka","status":"publish","type":"product","link":"https:\/\/maruskahackuje.cz\/index.php\/product\/kocicka\/","title":{"rendered":"Ko\u010di\u010dka"},"content":{"rendered":"<p>Velikost: cca 40 cm.<br \/>\nMateri\u00e1l: p\u0159\u00edze Himalaya Dolphin Baby, n\u00e1pl\u0148 dut\u00e9 vl\u00e1kno, bezpe\u010dnostn\u00ed o\u010di a \u010dum\u00e1\u010dek.<br \/>\nSlou\u017e\u00ed pouze k dekorativn\u00edm \u00fa\u010del\u016fm \u2013 vhodn\u00e9 k vystaven\u00ed na komodu, poli\u010dku, parapet apod.<\/p>\n","protected":false},"excerpt":{"rendered":"<p data-start=\"66\" data-end=\"310\">Tato roztomil\u00e1 ko\u010di\u010dka je ru\u010dn\u011b h\u00e1\u010dkovan\u00e1 s l\u00e1skou a pe\u010dlivost\u00ed. Se sv\u00fdmi jemn\u011b r\u016f\u017eov\u00fdmi \u0161aty a kr\u00e1sn\u00fdma modro\u010dern\u00fdma o\u010dima okouzl\u00ed ka\u017ed\u00e9ho.<\/p>\n<p data-start=\"312\" data-end=\"458\">\ud83c\udf80 <strong data-start=\"315\" data-end=\"331\">Ru\u010dn\u00ed v\u00fdroba<\/strong> \u2013 ka\u017ed\u00fd kousek je origin\u00e1l<br data-start=\"358\" data-end=\"361\" \/>\ud83d\udc96 <strong data-start=\"364\" data-end=\"396\">M\u011bkou\u010dk\u00e1 a p\u0159\u00edjemn\u00e1 na dotek<\/strong><br data-start=\"396\" data-end=\"399\" \/>\ud83d\udc3e <strong data-start=\"402\" data-end=\"456\">Perfektn\u00ed d\u00e1rek pro milovn\u00edky ko\u010di\u010dek<\/strong><\/p>\n<p data-start=\"460\" data-end=\"517\" data-is-last-node=\"\">Tato ko\u010di\u010dka hled\u00e1 nov\u00fd domov \u2013 kdo ji vezme k sob\u011b? \ud83d\udc31\ud83d\udc95<\/p>\n","protected":false},"featured_media":1523,"comment_status":"open","ping_status":"closed","template":"","meta":{"_uag_custom_page_level_css":"","_monsterinsights_skip_tracking":false,"_monsterinsights_sitenote_active":false,"_monsterinsights_sitenote_note":"","_monsterinsights_sitenote_category":0,"_kadence_starter_templates_imported_post":false,"_kad_post_transparent":"default","_kad_post_title":"","_kad_post_layout":"default","_kad_post_sidebar_id":"","_kad_post_content_style":"default","_kad_post_vertical_padding":"default","_kad_post_feature":"","_kad_post_feature_position":"","_kad_post_header":false,"_kad_post_footer":false,"_kad_post_classname":""},"product_brand":[],"product_cat":[28],"product_tag":[],"class_list":{"0":"post-1737","1":"product","2":"type-product","3":"status-publish","4":"has-post-thumbnail","6":"product_cat-zviratka","8":"first","9":"outofstock","10":"shipping-taxable","11":"purchasable","12":"product-type-simple","13":"entry","14":"content-bg","15":"loop-entry"},"uagb_featured_image_src":{"full":["https:\/\/maruskahackuje.cz\/wp-content\/uploads\/2024\/10\/IMG_3032.jpg",1920,1920,false],"thumbnail":["https:\/\/maruskahackuje.cz\/wp-content\/uploads\/2024\/10\/IMG_3032-150x150.jpg",150,150,true],"medium":["https:\/\/maruskahackuje.cz\/wp-content\/uploads\/2024\/10\/IMG_3032-300x300.jpg",300,300,true],"medium_large":["https:\/\/maruskahackuje.cz\/wp-content\/uploads\/2024\/10\/IMG_3032-768x768.jpg",768,768,true],"large":["https:\/\/maruskahackuje.cz\/wp-content\/uploads\/2024\/10\/IMG_3032-1024x1024.jpg",1024,1024,true],"1536x1536":["https:\/\/maruskahackuje.cz\/wp-content\/uploads\/2024\/10\/IMG_3032-1536x1536.jpg",1536,1536,true],"2048x2048":["https:\/\/maruskahackuje.cz\/wp-content\/uploads\/2024\/10\/IMG_3032.jpg",1920,1920,false],"woocommerce_thumbnail":["https:\/\/maruskahackuje.cz\/wp-content\/uploads\/2024\/10\/IMG_3032-300x300.jpg",300,300,true],"woocommerce_single":["https:\/\/maruskahackuje.cz\/wp-content\/uploads\/2024\/10\/IMG_3032-600x600.jpg",600,600,true],"woocommerce_gallery_thumbnail":["https:\/\/maruskahackuje.cz\/wp-content\/uploads\/2024\/10\/IMG_3032-100x100.jpg",100,100,true]},"uagb_author_info":{"display_name":"admin","author_link":"https:\/\/maruskahackuje.cz\/index.php\/author\/"},"uagb_comment_info":0,"uagb_excerpt":"Tato roztomil\u00e1 ko\u010di\u010dka je ru\u010dn\u011b h\u00e1\u010dkovan\u00e1 s l\u00e1skou a pe\u010dlivost\u00ed. Se sv\u00fdmi jemn\u011b r\u016f\u017eov\u00fdmi \u0161aty a kr\u00e1sn\u00fdma modro\u010dern\u00fdma o\u010dima okouzl\u00ed ka\u017ed\u00e9ho. \ud83c\udf80 Ru\u010dn\u00ed v\u00fdroba \u2013 ka\u017ed\u00fd kousek je origin\u00e1l\ud83d\udc96 M\u011bkou\u010dk\u00e1 a p\u0159\u00edjemn\u00e1 na dotek\ud83d\udc3e Perfektn\u00ed d\u00e1rek pro milovn\u00edky ko\u010di\u010dek Tato ko\u010di\u010dka hled\u00e1 nov\u00fd domov \u2013 kdo ji vezme k sob\u011b? \ud83d\udc31\ud83d\udc95","_links":{"self":[{"href":"https:\/\/maruskahackuje.cz\/index.php\/wp-json\/wp\/v2\/product\/1737","targetHints":{"allow":["GET"]}}],"collection":[{"href":"https:\/\/maruskahackuje.cz\/index.php\/wp-json\/wp\/v2\/product"}],"about":[{"href":"https:\/\/maruskahackuje.cz\/index.php\/wp-json\/wp\/v2\/types\/product"}],"replies":[{"embeddable":true,"href":"https:\/\/maruskahackuje.cz\/index.php\/wp-json\/wp\/v2\/comments?post=1737"}],"wp:featuredmedia":[{"embeddable":true,"href":"https:\/\/maruskahackuje.cz\/index.php\/wp-json\/wp\/v2\/media\/1523"}],"wp:attachment":[{"href":"https:\/\/maruskahackuje.cz\/index.php\/wp-json\/wp\/v2\/media?parent=1737"}],"wp:term":[{"taxonomy":"product_brand","embeddable":true,"href":"https:\/\/maruskahackuje.cz\/index.php\/wp-json\/wp\/v2\/product_brand?post=1737"},{"taxonomy":"product_cat","embeddable":true,"href":"https:\/\/maruskahackuje.cz\/index.php\/wp-json\/wp\/v2\/product_cat?post=1737"},{"taxonomy":"product_tag","embeddable":true,"href":"https:\/\/maruskahackuje.cz\/index.php\/wp-json\/wp\/v2\/product_tag?post=1737"}],"curies":[{"name":"wp","href":"https:\/\/api.w.org\/{rel}","templated":true}]}}