{"id":1719,"date":"2024-11-12T19:50:41","date_gmt":"2024-11-12T18:50:41","guid":{"rendered":"https:\/\/maruskahackuje.cz\/?post_type=product&#038;p=1719"},"modified":"2025-11-16T16:29:36","modified_gmt":"2025-11-16T15:29:36","slug":"certik-ohnivacek","status":"publish","type":"product","link":"https:\/\/maruskahackuje.cz\/index.php\/product\/certik-ohnivacek\/","title":{"rendered":"\u010cert\u00edk Ohniv\u00e1\u010dek"},"content":{"rendered":"<p>Velikost: cca 31 cm.<br \/>\nMateri\u00e1l: p\u0159\u00edze Himalaya Dolphin Baby, YarnArt Jeans, um\u011bl\u00e1 ko\u017ee\u0161inka, n\u00e1pl\u0148 dut\u00e9 vl\u00e1kno.<br \/>\nOzdobeno d\u0159ev\u011bn\u00fdm knofl\u00ed\u010dkem a rolni\u010dkami.<br \/>\nSlou\u017e\u00ed pouze k dekorativn\u00edm \u00fa\u010del\u016fm \u2013 vhodn\u00e9 k vystaven\u00ed na komodu, poli\u010dku, parapet apod.<\/p>\n","protected":false},"excerpt":{"rendered":"<p>V\u011bt\u0161\u00ed h\u00e1\u010dkovan\u00fd \u010dert\u00edk je p\u0159ipraven rozd\u00e1vat radost i trochu toho kouzeln\u00e9ho stra\u0161en\u00ed! V \u010derven\u00e9m tri\u010dku a \u010dern\u00fdch kalhot\u00e1ch s laclem m\u00e1 tento roztomil\u00fd \u010dert\u00edk v\u0161echno, co spr\u00e1vn\u00fd \u010dert\u00edk pot\u0159ebuje \u2013 pytl\u00edk v jedn\u00e9 ruce a rolni\u010dkami ozdoben\u00fd \u0159et\u011bz v druh\u00e9. Jeho \u010dern\u00e9 vlasy a mal\u00e9 rohy z n\u011bj d\u011blaj\u00ed p\u0159\u00edmo neodolateln\u00e9ho v\u00e1no\u010dn\u00edho spole\u010dn\u00edka.<\/p>\n","protected":false},"featured_media":1715,"comment_status":"open","ping_status":"closed","template":"","meta":{"_uag_custom_page_level_css":"","_monsterinsights_skip_tracking":false,"_monsterinsights_sitenote_active":false,"_monsterinsights_sitenote_note":"","_monsterinsights_sitenote_category":0,"_kadence_starter_templates_imported_post":false,"_kad_post_transparent":"default","_kad_post_title":"","_kad_post_layout":"default","_kad_post_sidebar_id":"","_kad_post_content_style":"default","_kad_post_vertical_padding":"default","_kad_post_feature":"","_kad_post_feature_position":"","_kad_post_header":false,"_kad_post_footer":false,"_kad_post_classname":""},"product_brand":[],"product_cat":[39],"product_tag":[],"class_list":{"0":"post-1719","1":"product","2":"type-product","3":"status-publish","4":"has-post-thumbnail","6":"product_cat-certici","8":"first","9":"outofstock","10":"shipping-taxable","11":"purchasable","12":"product-type-simple","13":"entry","14":"content-bg","15":"loop-entry"},"uagb_featured_image_src":{"full":["https:\/\/maruskahackuje.cz\/wp-content\/uploads\/2024\/11\/IMG_3701.jpg",1920,1920,false],"thumbnail":["https:\/\/maruskahackuje.cz\/wp-content\/uploads\/2024\/11\/IMG_3701-150x150.jpg",150,150,true],"medium":["https:\/\/maruskahackuje.cz\/wp-content\/uploads\/2024\/11\/IMG_3701-300x300.jpg",300,300,true],"medium_large":["https:\/\/maruskahackuje.cz\/wp-content\/uploads\/2024\/11\/IMG_3701-768x768.jpg",768,768,true],"large":["https:\/\/maruskahackuje.cz\/wp-content\/uploads\/2024\/11\/IMG_3701-1024x1024.jpg",1024,1024,true],"1536x1536":["https:\/\/maruskahackuje.cz\/wp-content\/uploads\/2024\/11\/IMG_3701-1536x1536.jpg",1536,1536,true],"2048x2048":["https:\/\/maruskahackuje.cz\/wp-content\/uploads\/2024\/11\/IMG_3701.jpg",1920,1920,false],"woocommerce_thumbnail":["https:\/\/maruskahackuje.cz\/wp-content\/uploads\/2024\/11\/IMG_3701-300x300.jpg",300,300,true],"woocommerce_single":["https:\/\/maruskahackuje.cz\/wp-content\/uploads\/2024\/11\/IMG_3701-600x600.jpg",600,600,true],"woocommerce_gallery_thumbnail":["https:\/\/maruskahackuje.cz\/wp-content\/uploads\/2024\/11\/IMG_3701-100x100.jpg",100,100,true]},"uagb_author_info":{"display_name":"admin","author_link":"https:\/\/maruskahackuje.cz\/index.php\/author\/"},"uagb_comment_info":0,"uagb_excerpt":"V\u011bt\u0161\u00ed h\u00e1\u010dkovan\u00fd \u010dert\u00edk je p\u0159ipraven rozd\u00e1vat radost i trochu toho kouzeln\u00e9ho stra\u0161en\u00ed! V \u010derven\u00e9m tri\u010dku a \u010dern\u00fdch kalhot\u00e1ch s laclem m\u00e1 tento roztomil\u00fd \u010dert\u00edk v\u0161echno, co spr\u00e1vn\u00fd \u010dert\u00edk pot\u0159ebuje \u2013 pytl\u00edk v jedn\u00e9 ruce a rolni\u010dkami ozdoben\u00fd \u0159et\u011bz v druh\u00e9. Jeho \u010dern\u00e9 vlasy a mal\u00e9 rohy z n\u011bj d\u011blaj\u00ed p\u0159\u00edmo neodolateln\u00e9ho v\u00e1no\u010dn\u00edho spole\u010dn\u00edka.","_links":{"self":[{"href":"https:\/\/maruskahackuje.cz\/index.php\/wp-json\/wp\/v2\/product\/1719","targetHints":{"allow":["GET"]}}],"collection":[{"href":"https:\/\/maruskahackuje.cz\/index.php\/wp-json\/wp\/v2\/product"}],"about":[{"href":"https:\/\/maruskahackuje.cz\/index.php\/wp-json\/wp\/v2\/types\/product"}],"replies":[{"embeddable":true,"href":"https:\/\/maruskahackuje.cz\/index.php\/wp-json\/wp\/v2\/comments?post=1719"}],"wp:featuredmedia":[{"embeddable":true,"href":"https:\/\/maruskahackuje.cz\/index.php\/wp-json\/wp\/v2\/media\/1715"}],"wp:attachment":[{"href":"https:\/\/maruskahackuje.cz\/index.php\/wp-json\/wp\/v2\/media?parent=1719"}],"wp:term":[{"taxonomy":"product_brand","embeddable":true,"href":"https:\/\/maruskahackuje.cz\/index.php\/wp-json\/wp\/v2\/product_brand?post=1719"},{"taxonomy":"product_cat","embeddable":true,"href":"https:\/\/maruskahackuje.cz\/index.php\/wp-json\/wp\/v2\/product_cat?post=1719"},{"taxonomy":"product_tag","embeddable":true,"href":"https:\/\/maruskahackuje.cz\/index.php\/wp-json\/wp\/v2\/product_tag?post=1719"}],"curies":[{"name":"wp","href":"https:\/\/api.w.org\/{rel}","templated":true}]}}