{"id":1717,"date":"2024-11-12T19:47:22","date_gmt":"2024-11-12T18:47:22","guid":{"rendered":"https:\/\/maruskahackuje.cz\/?post_type=product&#038;p=1717"},"modified":"2025-12-03T21:35:24","modified_gmt":"2025-12-03T20:35:24","slug":"certik-plaminek","status":"publish","type":"product","link":"https:\/\/maruskahackuje.cz\/index.php\/product\/certik-plaminek\/","title":{"rendered":"\u010cert\u00edk Plam\u00ednek"},"content":{"rendered":"<p>Velikost: cca 26 cm.<br \/>\nMateri\u00e1l: p\u0159\u00edze Himalaya Dolphin Baby, YarnArt Jeans, um\u011bl\u00e1 ko\u017ee\u0161inka, n\u00e1pl\u0148 dut\u00e9 vl\u00e1kno.<br \/>\nOzdobeno d\u0159ev\u011bn\u00fdm knofl\u00ed\u010dkem a rolni\u010dkami.<br \/>\nSlou\u017e\u00ed pouze k dekorativn\u00edm \u00fa\u010del\u016fm \u2013 vhodn\u00e9 k vystaven\u00ed na komodu, poli\u010dku, parapet apod.<\/p>\n","protected":false},"excerpt":{"rendered":"<p>Roztomil\u00fd h\u00e1\u010dkovan\u00fd \u010dert\u00edk v \u010derven\u00e9m tri\u010dku a \u010dern\u00fdch kalhot\u00e1ch s laclem se u\u017e t\u011b\u0161\u00ed na V\u00e1noce! Tento mal\u00fd pomocn\u00edk dr\u017e\u00ed v jedn\u00e9 ruce pytl\u00edk, v druh\u00e9 jemn\u011b cinkaj\u00edc\u00ed \u0159et\u011bz s rolni\u010dkami. S \u010dern\u00fdmi vl\u00e1sky a mal\u00fdmi r\u016f\u017eky vypad\u00e1 sp\u00ed\u0161e jako kamar\u00e1d ne\u017e stra\u0161\u00e1k. Perfektn\u00ed dekorace nejen pro v\u00e1no\u010dn\u00ed obdob\u00ed.<\/p>\n","protected":false},"featured_media":1713,"comment_status":"open","ping_status":"closed","template":"","meta":{"_uag_custom_page_level_css":"","_monsterinsights_skip_tracking":false,"_monsterinsights_sitenote_active":false,"_monsterinsights_sitenote_note":"","_monsterinsights_sitenote_category":0,"_kadence_starter_templates_imported_post":false,"_kad_post_transparent":"default","_kad_post_title":"","_kad_post_layout":"default","_kad_post_sidebar_id":"","_kad_post_content_style":"default","_kad_post_vertical_padding":"default","_kad_post_feature":"","_kad_post_feature_position":"","_kad_post_header":false,"_kad_post_footer":false,"_kad_post_classname":""},"product_brand":[],"product_cat":[39],"product_tag":[],"class_list":{"0":"post-1717","1":"product","2":"type-product","3":"status-publish","4":"has-post-thumbnail","6":"product_cat-certici","8":"first","9":"outofstock","10":"shipping-taxable","11":"purchasable","12":"product-type-simple","13":"entry","14":"content-bg","15":"loop-entry"},"uagb_featured_image_src":{"full":["https:\/\/maruskahackuje.cz\/wp-content\/uploads\/2024\/11\/IMG_3696.jpg",1920,1920,false],"thumbnail":["https:\/\/maruskahackuje.cz\/wp-content\/uploads\/2024\/11\/IMG_3696-150x150.jpg",150,150,true],"medium":["https:\/\/maruskahackuje.cz\/wp-content\/uploads\/2024\/11\/IMG_3696-300x300.jpg",300,300,true],"medium_large":["https:\/\/maruskahackuje.cz\/wp-content\/uploads\/2024\/11\/IMG_3696-768x768.jpg",768,768,true],"large":["https:\/\/maruskahackuje.cz\/wp-content\/uploads\/2024\/11\/IMG_3696-1024x1024.jpg",1024,1024,true],"1536x1536":["https:\/\/maruskahackuje.cz\/wp-content\/uploads\/2024\/11\/IMG_3696-1536x1536.jpg",1536,1536,true],"2048x2048":["https:\/\/maruskahackuje.cz\/wp-content\/uploads\/2024\/11\/IMG_3696.jpg",1920,1920,false],"woocommerce_thumbnail":["https:\/\/maruskahackuje.cz\/wp-content\/uploads\/2024\/11\/IMG_3696-300x300.jpg",300,300,true],"woocommerce_single":["https:\/\/maruskahackuje.cz\/wp-content\/uploads\/2024\/11\/IMG_3696-600x600.jpg",600,600,true],"woocommerce_gallery_thumbnail":["https:\/\/maruskahackuje.cz\/wp-content\/uploads\/2024\/11\/IMG_3696-100x100.jpg",100,100,true]},"uagb_author_info":{"display_name":"admin","author_link":"https:\/\/maruskahackuje.cz\/index.php\/author\/"},"uagb_comment_info":0,"uagb_excerpt":"Roztomil\u00fd h\u00e1\u010dkovan\u00fd \u010dert\u00edk v \u010derven\u00e9m tri\u010dku a \u010dern\u00fdch kalhot\u00e1ch s laclem se u\u017e t\u011b\u0161\u00ed na V\u00e1noce! Tento mal\u00fd pomocn\u00edk dr\u017e\u00ed v jedn\u00e9 ruce pytl\u00edk, v druh\u00e9 jemn\u011b cinkaj\u00edc\u00ed \u0159et\u011bz s rolni\u010dkami. S \u010dern\u00fdmi vl\u00e1sky a mal\u00fdmi r\u016f\u017eky vypad\u00e1 sp\u00ed\u0161e jako kamar\u00e1d ne\u017e stra\u0161\u00e1k. Perfektn\u00ed dekorace nejen pro v\u00e1no\u010dn\u00ed obdob\u00ed.","_links":{"self":[{"href":"https:\/\/maruskahackuje.cz\/index.php\/wp-json\/wp\/v2\/product\/1717","targetHints":{"allow":["GET"]}}],"collection":[{"href":"https:\/\/maruskahackuje.cz\/index.php\/wp-json\/wp\/v2\/product"}],"about":[{"href":"https:\/\/maruskahackuje.cz\/index.php\/wp-json\/wp\/v2\/types\/product"}],"replies":[{"embeddable":true,"href":"https:\/\/maruskahackuje.cz\/index.php\/wp-json\/wp\/v2\/comments?post=1717"}],"wp:featuredmedia":[{"embeddable":true,"href":"https:\/\/maruskahackuje.cz\/index.php\/wp-json\/wp\/v2\/media\/1713"}],"wp:attachment":[{"href":"https:\/\/maruskahackuje.cz\/index.php\/wp-json\/wp\/v2\/media?parent=1717"}],"wp:term":[{"taxonomy":"product_brand","embeddable":true,"href":"https:\/\/maruskahackuje.cz\/index.php\/wp-json\/wp\/v2\/product_brand?post=1717"},{"taxonomy":"product_cat","embeddable":true,"href":"https:\/\/maruskahackuje.cz\/index.php\/wp-json\/wp\/v2\/product_cat?post=1717"},{"taxonomy":"product_tag","embeddable":true,"href":"https:\/\/maruskahackuje.cz\/index.php\/wp-json\/wp\/v2\/product_tag?post=1717"}],"curies":[{"name":"wp","href":"https:\/\/api.w.org\/{rel}","templated":true}]}}