{"id":1582,"date":"2024-10-19T21:08:11","date_gmt":"2024-10-19T19:08:11","guid":{"rendered":"https:\/\/maruskahackuje.cz\/?post_type=product&#038;p=1582"},"modified":"2025-04-01T19:01:41","modified_gmt":"2025-04-01T17:01:41","slug":"andelka-ruzenka","status":"publish","type":"product","link":"https:\/\/maruskahackuje.cz\/index.php\/product\/andelka-ruzenka\/","title":{"rendered":"And\u011blka R\u016f\u017eenka"},"content":{"rendered":"<p>Velikost: cca 37 cm.<br \/>\nMateri\u00e1l: p\u0159\u00edze YarnArt Jeans, dut\u00e9 vl\u00e1kno, um\u011bl\u00e1 ko\u017ee\u0161inka.<br \/>\nSlou\u017e\u00ed pouze k dekorativn\u00edm \u00fa\u010del\u016fm \u2013 vhodn\u00e9 k vystaven\u00ed na komodu, poli\u010dku, parapet apod.<\/p>\n","protected":false},"excerpt":{"rendered":"<p><span class=\"x4k7w5x x1h91t0o x1h9r5lt x1jfb8zj xv2umb2 x1beo9mf xaigb6o x12ejxvf x3igimt xarpa2k xedcshv x1lytzrv x1t2pt76 x7ja8zs x1qrby5j\"><span class=\"x193iq5w xeuugli x13faqbe x1vvkbs x1xmvt09 x1lliihq x1s928wv xhkezso x1gmr53x x1cpjm7i x1fgarty x1943h6x xudqn12 x3x7a5m x6prxxf xvq8zen xo1l8bm xzsf02u\" dir=\"auto\">Ru\u010dn\u011b h\u00e1\u010dkovan\u00e1 and\u011blka R\u016f\u017eenka je p\u016fvabn\u00e1 a harmonick\u00e1 dekorace, kter\u00e1 vnese do Va\u0161eho domova kouzlo a klid. D\u00edky detailn\u00edmu zpracov\u00e1n\u00ed a jemn\u00fdm prvk\u016fm se skv\u011ble hod\u00ed na poli\u010dku, parapet nebo jako ozdoba ve v\u00e1no\u010dn\u00edm aran\u017em\u00e1. Tento ru\u010dn\u011b vyroben\u00fd kousek nen\u00ed jen pro sv\u00e1te\u010dn\u00ed chv\u00edle, ale m\u016f\u017ee b\u00fdt kr\u00e1sn\u00fdm symbolem pohody po cel\u00fd rok.<\/span><\/span><\/p>\n","protected":false},"featured_media":1566,"comment_status":"open","ping_status":"closed","template":"","meta":{"_uag_custom_page_level_css":"","_monsterinsights_skip_tracking":false,"_monsterinsights_sitenote_active":false,"_monsterinsights_sitenote_note":"","_monsterinsights_sitenote_category":0,"_kadence_starter_templates_imported_post":false,"_kad_post_transparent":"default","_kad_post_title":"","_kad_post_layout":"default","_kad_post_sidebar_id":"","_kad_post_content_style":"default","_kad_post_vertical_padding":"default","_kad_post_feature":"","_kad_post_feature_position":"","_kad_post_header":false,"_kad_post_footer":false,"_kad_post_classname":""},"product_brand":[],"product_cat":[32],"product_tag":[],"class_list":{"0":"post-1582","1":"product","2":"type-product","3":"status-publish","4":"has-post-thumbnail","6":"product_cat-andelky","8":"first","9":"instock","10":"shipping-taxable","11":"purchasable","12":"product-type-simple","13":"entry","14":"content-bg","15":"loop-entry"},"uagb_featured_image_src":{"full":["https:\/\/maruskahackuje.cz\/wp-content\/uploads\/2024\/10\/IMG_3550-2.jpg",1920,1920,false],"thumbnail":["https:\/\/maruskahackuje.cz\/wp-content\/uploads\/2024\/10\/IMG_3550-2-150x150.jpg",150,150,true],"medium":["https:\/\/maruskahackuje.cz\/wp-content\/uploads\/2024\/10\/IMG_3550-2-300x300.jpg",300,300,true],"medium_large":["https:\/\/maruskahackuje.cz\/wp-content\/uploads\/2024\/10\/IMG_3550-2-768x768.jpg",768,768,true],"large":["https:\/\/maruskahackuje.cz\/wp-content\/uploads\/2024\/10\/IMG_3550-2-1024x1024.jpg",1024,1024,true],"1536x1536":["https:\/\/maruskahackuje.cz\/wp-content\/uploads\/2024\/10\/IMG_3550-2-1536x1536.jpg",1536,1536,true],"2048x2048":["https:\/\/maruskahackuje.cz\/wp-content\/uploads\/2024\/10\/IMG_3550-2.jpg",1920,1920,false],"woocommerce_thumbnail":["https:\/\/maruskahackuje.cz\/wp-content\/uploads\/2024\/10\/IMG_3550-2-300x300.jpg",300,300,true],"woocommerce_single":["https:\/\/maruskahackuje.cz\/wp-content\/uploads\/2024\/10\/IMG_3550-2-600x600.jpg",600,600,true],"woocommerce_gallery_thumbnail":["https:\/\/maruskahackuje.cz\/wp-content\/uploads\/2024\/10\/IMG_3550-2-100x100.jpg",100,100,true]},"uagb_author_info":{"display_name":"admin","author_link":"https:\/\/maruskahackuje.cz\/index.php\/author\/"},"uagb_comment_info":0,"uagb_excerpt":"Ru\u010dn\u011b h\u00e1\u010dkovan\u00e1 and\u011blka R\u016f\u017eenka je p\u016fvabn\u00e1 a harmonick\u00e1 dekorace, kter\u00e1 vnese do Va\u0161eho domova kouzlo a klid. D\u00edky detailn\u00edmu zpracov\u00e1n\u00ed a jemn\u00fdm prvk\u016fm se skv\u011ble hod\u00ed na poli\u010dku, parapet nebo jako ozdoba ve v\u00e1no\u010dn\u00edm aran\u017em\u00e1. Tento ru\u010dn\u011b vyroben\u00fd kousek nen\u00ed jen pro sv\u00e1te\u010dn\u00ed chv\u00edle, ale m\u016f\u017ee b\u00fdt kr\u00e1sn\u00fdm symbolem pohody po cel\u00fd rok.","_links":{"self":[{"href":"https:\/\/maruskahackuje.cz\/index.php\/wp-json\/wp\/v2\/product\/1582","targetHints":{"allow":["GET"]}}],"collection":[{"href":"https:\/\/maruskahackuje.cz\/index.php\/wp-json\/wp\/v2\/product"}],"about":[{"href":"https:\/\/maruskahackuje.cz\/index.php\/wp-json\/wp\/v2\/types\/product"}],"replies":[{"embeddable":true,"href":"https:\/\/maruskahackuje.cz\/index.php\/wp-json\/wp\/v2\/comments?post=1582"}],"wp:featuredmedia":[{"embeddable":true,"href":"https:\/\/maruskahackuje.cz\/index.php\/wp-json\/wp\/v2\/media\/1566"}],"wp:attachment":[{"href":"https:\/\/maruskahackuje.cz\/index.php\/wp-json\/wp\/v2\/media?parent=1582"}],"wp:term":[{"taxonomy":"product_brand","embeddable":true,"href":"https:\/\/maruskahackuje.cz\/index.php\/wp-json\/wp\/v2\/product_brand?post=1582"},{"taxonomy":"product_cat","embeddable":true,"href":"https:\/\/maruskahackuje.cz\/index.php\/wp-json\/wp\/v2\/product_cat?post=1582"},{"taxonomy":"product_tag","embeddable":true,"href":"https:\/\/maruskahackuje.cz\/index.php\/wp-json\/wp\/v2\/product_tag?post=1582"}],"curies":[{"name":"wp","href":"https:\/\/api.w.org\/{rel}","templated":true}]}}