{"id":2,"date":"2024-02-04T15:03:31","date_gmt":"2024-02-04T14:03:31","guid":{"rendered":"http:\/\/maruskahackuje.cz\/?page_id=2"},"modified":"2024-11-12T20:14:49","modified_gmt":"2024-11-12T19:14:49","slug":"doprava-a-platba","status":"publish","type":"page","link":"https:\/\/maruskahackuje.cz\/index.php\/doprava-a-platba\/","title":{"rendered":"Doprava a platba"},"content":{"rendered":"\n<h2 class=\"wp-block-heading\">Doprava<\/h2>\n\n\n\n<p>V\u017edy dle aktu\u00e1ln\u00edch mo\u017enost\u00ed v n\u00e1kupn\u00edm ko\u0161\u00edku. N\u011bkter\u00e9 typy doprav nen\u00ed mo\u017eno kombinovat s danou hmotnost\u00ed celkov\u00e9ho n\u00e1kupu \u010di z jin\u00fdch d\u016fvod\u016f nemus\u00ed b\u00fdt v\u017edy v nab\u00eddce v\u0161echny n\u00ed\u017ee uveden\u00e9 mo\u017enosti.<\/p>\n\n\n\n<figure class=\"wp-block-table\"><table><tbody><tr><td><img decoding=\"async\" src=\"https:\/\/maruskahackuje.cz\/wp-content\/uploads\/2024\/10\/zasilkovna.png\"><\/td><td><strong>Z\u00e1silkovna<\/strong><br>V\u00fddejn\u00ed m\u00edsto, Z-Box, AlzaBox<\/td><td>79,- K\u010d<\/td><td>Doru\u010den\u00ed prost\u0159ednictv\u00edm dopravce Z\u00e1silkovna do Z-boxu nebo na pobo\u010dku Z\u00e1silkovny na \u00fazem\u00ed \u010cR.<\/td><\/tr><tr><td><img decoding=\"async\" src=\"https:\/\/maruskahackuje.cz\/wp-content\/uploads\/2024\/10\/zasilkovna.png\"><\/td><td><strong>Z\u00e1silkovna<\/strong><br>Doru\u010den\u00ed na adresu<\/td><td>109,- K\u010d<\/td><td>Doru\u010den\u00ed prost\u0159ednictv\u00edm dopravce Z\u00e1silkovna na konkr\u00e9tn\u00ed adresu na \u00fazem\u00ed \u010cR.<\/td><\/tr><tr><td><img decoding=\"async\" src=\"https:\/\/maruskahackuje.cz\/wp-content\/uploads\/2024\/10\/balikovna.png\"><\/td><td><strong>Bal\u00edkovna<\/strong><br>Doru\u010den\u00ed do Bal\u00edkovny<\/td><td>39,- K\u010d<\/td><td>Doru\u010den\u00ed prost\u0159ednictv\u00edm dopravce Bal\u00edkovna do pobo\u010dky Bal\u00edkovny na \u00fazem\u00ed \u010cR.<\/td><\/tr><tr><td><img decoding=\"async\" src=\"https:\/\/maruskahackuje.cz\/wp-content\/uploads\/2024\/10\/balikovna.png\"><\/td><td><strong>Bal\u00edkovna<\/strong><br>Doru\u010den\u00ed na adresu<\/td><td>99,- K\u010d<\/td><td>Doru\u010den\u00ed prost\u0159ednictv\u00edm dopravce Bal\u00edkovna na konkr\u00e9tn\u00ed adresu na \u00fazem\u00ed \u010cR.<\/td><\/tr><tr><td><img decoding=\"async\" src=\"https:\/\/maruskahackuje.cz\/wp-content\/uploads\/2024\/10\/osobni-odber.png\"><\/td><td><strong>Osobn\u00ed odb\u011br<\/strong><br>V Ro\u017enov\u011b pod Radho\u0161t\u011bm<\/td><td>ZDARMA<\/td><td>Po domluv\u011b lze realizovat i osobn\u00ed odb\u011br v Ro\u017enov\u011b pod Radho\u0161t\u011bm a bl\u00edzk\u00e9m okol\u00ed.<\/td><\/tr><\/tbody><\/table><\/figure>\n\n\n\n<h2 class=\"wp-block-heading\">Platba<\/h2>\n\n\n\n<p>Typy plateb jsou dostupn\u00e9 v\u017edy dle aktu\u00e1ln\u00edch mo\u017enost\u00ed v n\u00e1kupn\u00edm ko\u0161\u00edku.<\/p>\n\n\n\n<figure class=\"wp-block-table\"><table><tbody><tr><td class=\"has-text-align-center\" data-align=\"center\"><img decoding=\"async\" src=\"https:\/\/maruskahackuje.cz\/wp-content\/uploads\/2024\/10\/karta.png\"><\/td><td><strong>On-line platba kartou<\/strong><\/td><td>ZDARMA<\/td><td>Nejrychlej\u0161\u00ed zp\u016fsob platby.<\/td><\/tr><tr><td class=\"has-text-align-center\" data-align=\"center\"><img decoding=\"async\" src=\"https:\/\/maruskahackuje.cz\/wp-content\/uploads\/2024\/10\/prevod.png\"><\/td><td><strong>Bankovn\u00ed p\u0159evod<\/strong><\/td><td>ZDARMA<\/td><td>Platba p\u0159evodem na \u00fa\u010det &#8211; P\u0159ips\u00e1n\u00ed platby m\u016f\u017ee trvat 1 a\u017e 3 pracovn\u00ed dny. Dokud nebude \u00fahrada p\u0159ips\u00e1na na n\u00e1\u0161 \u00fa\u010det a sp\u00e1rov\u00e1na s Va\u0161\u00ed objedn\u00e1vkou, nen\u00ed mo\u017en\u00e9 zbo\u017e\u00ed expedovat.<\/td><\/tr><\/tbody><\/table><\/figure>\n","protected":false},"excerpt":{"rendered":"<p>Doprava V\u017edy dle aktu\u00e1ln\u00edch mo\u017enost\u00ed v n\u00e1kupn\u00edm ko\u0161\u00edku. N\u011bkter\u00e9 typy doprav nen\u00ed mo\u017eno kombinovat s danou hmotnost\u00ed celkov\u00e9ho n\u00e1kupu \u010di z jin\u00fdch d\u016fvod\u016f nemus\u00ed b\u00fdt v\u017edy v nab\u00eddce v\u0161echny n\u00ed\u017ee uveden\u00e9 mo\u017enosti. Z\u00e1silkovnaV\u00fddejn\u00ed m\u00edsto, Z-Box, AlzaBox 79,- K\u010d Doru\u010den\u00ed prost\u0159ednictv\u00edm dopravce Z\u00e1silkovna do Z-boxu nebo na pobo\u010dku Z\u00e1silkovny na \u00fazem\u00ed \u010cR. Z\u00e1silkovnaDoru\u010den\u00ed na adresu 109,-&#8230;<\/p>\n","protected":false},"author":1,"featured_media":0,"parent":0,"menu_order":0,"comment_status":"closed","ping_status":"open","template":"","meta":{"_uag_custom_page_level_css":"","_monsterinsights_skip_tracking":false,"_monsterinsights_sitenote_active":false,"_monsterinsights_sitenote_note":"","_monsterinsights_sitenote_category":0,"_kadence_starter_templates_imported_post":false,"_kad_post_transparent":"","_kad_post_title":"","_kad_post_layout":"","_kad_post_sidebar_id":"","_kad_post_content_style":"","_kad_post_vertical_padding":"","_kad_post_feature":"","_kad_post_feature_position":"","_kad_post_header":false,"_kad_post_footer":false,"_kad_post_classname":"","footnotes":""},"class_list":["post-2","page","type-page","status-publish","hentry"],"uagb_featured_image_src":{"full":false,"thumbnail":false,"medium":false,"medium_large":false,"large":false,"1536x1536":false,"2048x2048":false,"woocommerce_thumbnail":false,"woocommerce_single":false,"woocommerce_gallery_thumbnail":false},"uagb_author_info":{"display_name":"admin","author_link":"https:\/\/maruskahackuje.cz\/index.php\/author\/admin\/"},"uagb_comment_info":0,"uagb_excerpt":"Doprava V\u017edy dle aktu\u00e1ln\u00edch mo\u017enost\u00ed v n\u00e1kupn\u00edm ko\u0161\u00edku. N\u011bkter\u00e9 typy doprav nen\u00ed mo\u017eno kombinovat s danou hmotnost\u00ed celkov\u00e9ho n\u00e1kupu \u010di z jin\u00fdch d\u016fvod\u016f nemus\u00ed b\u00fdt v\u017edy v nab\u00eddce v\u0161echny n\u00ed\u017ee uveden\u00e9 mo\u017enosti. Z\u00e1silkovnaV\u00fddejn\u00ed m\u00edsto, Z-Box, AlzaBox 79,- K\u010d Doru\u010den\u00ed prost\u0159ednictv\u00edm dopravce Z\u00e1silkovna do Z-boxu nebo na pobo\u010dku Z\u00e1silkovny na \u00fazem\u00ed \u010cR. Z\u00e1silkovnaDoru\u010den\u00ed na adresu 109,-...","_links":{"self":[{"href":"https:\/\/maruskahackuje.cz\/index.php\/wp-json\/wp\/v2\/pages\/2","targetHints":{"allow":["GET"]}}],"collection":[{"href":"https:\/\/maruskahackuje.cz\/index.php\/wp-json\/wp\/v2\/pages"}],"about":[{"href":"https:\/\/maruskahackuje.cz\/index.php\/wp-json\/wp\/v2\/types\/page"}],"author":[{"embeddable":true,"href":"https:\/\/maruskahackuje.cz\/index.php\/wp-json\/wp\/v2\/users\/1"}],"replies":[{"embeddable":true,"href":"https:\/\/maruskahackuje.cz\/index.php\/wp-json\/wp\/v2\/comments?post=2"}],"version-history":[{"count":6,"href":"https:\/\/maruskahackuje.cz\/index.php\/wp-json\/wp\/v2\/pages\/2\/revisions"}],"predecessor-version":[{"id":1729,"href":"https:\/\/maruskahackuje.cz\/index.php\/wp-json\/wp\/v2\/pages\/2\/revisions\/1729"}],"wp:attachment":[{"href":"https:\/\/maruskahackuje.cz\/index.php\/wp-json\/wp\/v2\/media?parent=2"}],"curies":[{"name":"wp","href":"https:\/\/api.w.org\/{rel}","templated":true}]}}